{"id":3787,"date":"2025-02-14T16:12:46","date_gmt":"2025-02-14T16:12:46","guid":{"rendered":"https:\/\/dealer.tiscontrol.com.tr\/?post_type=product&#038;p=3787"},"modified":"2026-01-17T23:29:36","modified_gmt":"2026-01-17T20:29:36","slug":"ir-verici-gozu","status":"publish","type":"product","link":"https:\/\/dealer.tiscontrol.com.tr\/fa\/product\/ir-verici-gozu\/","title":{"rendered":"IR Verici G\u00f6z\u00fc (Probe)"},"content":{"rendered":"<h2>G\u00fcvenilir ve Sa\u011flam Tasar\u0131m<\/h2>\n<p data-pm-slice=\"1 1 []\">Bu IR Verici G\u00f6z\u00fc, hem TIS kablolu k\u0131z\u0131l\u00f6tesi verici (IRE-T) hem de kablosuz IR verici (Air-IRE-T) ile uyumlu olacak \u015fekilde tasarlanm\u0131\u015f. Dayan\u0131kl\u0131 yap\u0131s\u0131 sayesinde \u00e7ok uzun s\u00fcre hizmet ediyor. Kaliteli malzemelerden yap\u0131ld\u0131\u011f\u0131 i\u00e7in zorlu \u015eARTLARDA bile g\u00fcvenle \u00e7al\u0131\u015f\u0131r. Kullan\u0131c\u0131lar buna y\u00f6nelerek cihazlar\u0131n\u0131n performans\u0131n\u0131 art\u0131rabilirler ve uzun \u00f6m\u00fcrl\u00fc bir \u00e7\u00f6z\u00fcmle bulu\u015furlar.<\/p>\n<h3><strong>Kolay Kurulum ve Kullan\u0131m<\/strong><\/h3>\n<p data-pm-slice=\"1 1 []\">IR Verici G\u00f6z\u00fc, kullan\u0131c\u0131 dostu tasar\u0131m\u0131yla kolayca kurulabilir ve kullan\u0131labilir. \u00dcr\u00fcn, 10F Sens\u00f6r \u00fczerindeki kablolu IR vericiyle de ba\u011flant\u0131 kurma olana\u011f\u0131 tan\u0131r; bu da esnek bir kullan\u0131m demektir. Kurulum s\u0131ras\u0131nda kar\u0131\u015f\u0131k ad\u0131mlar yoktur. K\u0131sa bir s\u00fcrede, zorlanmadan cihaz\u0131n\u0131z\u0131 \u00e7al\u0131\u015ft\u0131rabilirsiniz. Bu, hem profesyoneller hem de ev kullan\u0131c\u0131lar\u0131 i\u00e7in b\u00fcy\u00fck bir rahatl\u0131k sunar.<\/p>\n<h3><strong>Geli\u015fmi\u015f Teknoloji ile \u00dcst\u00fcn Performans<\/strong><\/h3>\n<p data-pm-slice=\"1 1 []\">Bu IR Verici G\u00f6z\u00fc, yenilik\u00e7i teknoloji ile donat\u0131lm\u0131\u015f olup \u00fcst\u00fcn performans sunar. K\u0131z\u0131l\u00f6tesi sinyalleri etkili bir \u015fekilde aktararak cihazlar\u0131n\u0131z\u0131n daha iyi \u00e7al\u0131\u015fmas\u0131na yard\u0131mc\u0131 olur. Hassasiyet &amp; h\u0131z gerektiren uygulamalar i\u00e7in ideal olan bu \u00fcr\u00fcn, geli\u015fmi\u015f teknolojisi sayesinde kullan\u0131c\u0131lara harika bir deneyim sunarken cihazlar\u0131n performans\u0131n\u0131 da Z\u0130RVEYE ta\u015f\u0131r.<\/p>\n","protected":false},"excerpt":{"rendered":"<p><strong>\ud83d\udee0\ufe0f G\u00fcvenilir Tasar\u0131m<\/strong>: IR Verici G\u00f6z\u00fc, hem kablolu hem de kablosuz IR vericilerle uyumlu olacak \u015fekilde tasarlanm\u0131\u015ft\u0131r. Dayan\u0131kl\u0131 yap\u0131s\u0131 sayesinde uzun \u00f6m\u00fcrl\u00fcd\u00fcr.<\/p>\n<p><strong>\ud83c\udf1f Kaliteli Malzeme<\/strong>: \u00dcr\u00fcn, zorlu \u015fartlarda bile g\u00fcvenle \u00e7al\u0131\u015fabilecek kaliteli malzemelerden \u00fcretilmi\u015ftir.<\/p>\n<p><strong>\ud83e\udde9 Kolay Kurulum<\/strong>: Kullan\u0131c\u0131 dostu tasar\u0131m\u0131 sayesinde kolayca kurulabilir ve kullan\u0131labilir. Kurulum s\u0131ras\u0131nda kar\u0131\u015f\u0131k ad\u0131mlar yoktur.<\/p>\n<p><strong>\ud83d\udd04 Esnek Kullan\u0131m<\/strong>: 10F Sens\u00f6r \u00fczerindeki kablolu IR vericiyle ba\u011flant\u0131 kurma olana\u011f\u0131 sunar, bu da esnek bir kullan\u0131m sa\u011flar.<\/p>\n<p><strong>\ud83d\ude80 \u00dcst\u00fcn Performans<\/strong>: Yenilik\u00e7i teknoloji ile donat\u0131lm\u0131\u015f olan \u00fcr\u00fcn, k\u0131z\u0131l\u00f6tesi sinyalleri etkili bir \u015fekilde aktararak cihazlar\u0131n performans\u0131n\u0131 art\u0131r\u0131r.<\/p>\n<p><strong>\u23f1\ufe0f Hassasiyet ve H\u0131z<\/strong>: Hassasiyet ve h\u0131z gerektiren uygulamalar i\u00e7in idealdir, cihazlar\u0131n performans\u0131n\u0131 zirveye ta\u015f\u0131r.<\/p>\n<p><strong>\ud83d\ude0a Kullan\u0131c\u0131 Deneyimi<\/strong>: Geli\u015fmi\u015f teknolojisi sayesinde kullan\u0131c\u0131lara harika bir deneyim sunar.<\/p>\n","protected":false},"featured_media":2883,"comment_status":"open","ping_status":"closed","template":"","meta":{"_acf_changed":false},"product_brand":[433],"product_cat":[160],"product_tag":[349,234,428,350,351],"class_list":{"0":"post-3787","1":"product","2":"type-product","3":"status-publish","4":"has-post-thumbnail","6":"product_brand-tiscontrol","7":"product_cat-accessories","8":"product_tag-ir-verici","9":"product_tag-kizilotesi-verici","10":"product_tag-tiscontrol","11":"product_tag-verici-gozu","12":"product_tag-verici-probu","14":"first","15":"onbackorder","16":"taxable","17":"shipping-taxable","18":"product-type-simple","19":"add-to-wishlist-after_add_to_cart"},"acf":[],"_links":{"self":[{"href":"https:\/\/dealer.tiscontrol.com.tr\/fa\/wp-json\/wp\/v2\/product\/3787","targetHints":{"allow":["GET"]}}],"collection":[{"href":"https:\/\/dealer.tiscontrol.com.tr\/fa\/wp-json\/wp\/v2\/product"}],"about":[{"href":"https:\/\/dealer.tiscontrol.com.tr\/fa\/wp-json\/wp\/v2\/types\/product"}],"replies":[{"embeddable":true,"href":"https:\/\/dealer.tiscontrol.com.tr\/fa\/wp-json\/wp\/v2\/comments?post=3787"}],"wp:featuredmedia":[{"embeddable":true,"href":"https:\/\/dealer.tiscontrol.com.tr\/fa\/wp-json\/wp\/v2\/media\/2883"}],"wp:attachment":[{"href":"https:\/\/dealer.tiscontrol.com.tr\/fa\/wp-json\/wp\/v2\/media?parent=3787"}],"wp:term":[{"taxonomy":"product_brand","embeddable":true,"href":"https:\/\/dealer.tiscontrol.com.tr\/fa\/wp-json\/wp\/v2\/product_brand?post=3787"},{"taxonomy":"product_cat","embeddable":true,"href":"https:\/\/dealer.tiscontrol.com.tr\/fa\/wp-json\/wp\/v2\/product_cat?post=3787"},{"taxonomy":"product_tag","embeddable":true,"href":"https:\/\/dealer.tiscontrol.com.tr\/fa\/wp-json\/wp\/v2\/product_tag?post=3787"}],"curies":[{"name":"wp","href":"https:\/\/api.w.org\/{rel}","templated":true}]}}