{"id":3791,"date":"2025-02-16T10:47:47","date_gmt":"2025-02-16T10:47:47","guid":{"rendered":"https:\/\/dealer.tiscontrol.com.tr\/?post_type=product&#038;p=3791"},"modified":"2026-01-17T23:29:36","modified_gmt":"2026-01-17T20:29:36","slug":"tis-bus-network-switch","status":"publish","type":"product","link":"https:\/\/dealer.tiscontrol.com.tr\/fa\/product\/tis-bus-network-switch\/","title":{"rendered":"TIS-Bus Network Switch"},"content":{"rendered":"<h2 data-pm-slice=\"1 1 []\">Kablo Y\u00f6netiminde Kolayl\u0131k Sa\u011flayan \u00c7\u00f6z\u00fcm<\/h2>\n<p data-pm-slice=\"1 1 []\">TIS-Bus Network Switch, elektrik kutular\u0131ndaki kar\u0131\u015f\u0131kl\u0131\u011f\u0131 azaltarak kablo d\u00fczenini sa\u011flamak i\u00e7in harika bir \u00e7\u00f6z\u00fcm sunuyor. B\u00fcy\u00fck projelerde kablolar\u0131n d\u00fczg\u00fcnce yerle\u015ftirilmesi genelde zordur. Ama, TIS-Bus Network Switch ile d\u00fczenlemek \u00e7ok daha basit ve kolay olur. Bu mod\u00fcl, (7 terminale sahip) elektrik kutusuna monte edilebilen bir din ray mod\u00fcl\u00fcd\u00fcr. BUS protokol\u00fc deste\u011fiyle ihtiya\u00e7lara cevap verip kablo y\u00f6netimine destek \u00e7\u0131kar ve her seferinde d\u00fczenli bir kurulum sa\u011flar.<\/p>\n<h3>G\u00fcvenilir ve Etkili Kablo Da\u011f\u0131t\u0131m\u0131<\/h3>\n<p data-pm-slice=\"1 1 []\">TIS-Bus Network Switch, g\u00fcvenli ve etkili kablo Da\u011f\u0131t\u0131m\u0131 konusunda \u00f6n saflarda yer al\u0131r. Elektrik kutular\u0131ndaki Karma\u015fay\u0131 \u00f6nler ve kablolar\u0131 ORGAN\u0130ZE bir \u015fekilde d\u00fczenler. Bu mod\u00fcl, kar\u0131\u015f\u0131kl\u0131\u011f\u0131 uzak tutar ve Her kablonun kolayca bulunmas\u0131n\u0131 sa\u011flar. B\u00f6ylece, projelerde zaman israf\u0131n\u0131 \u00f6nler ve i\u015fleri \u00e7ok daha verimli \u015fekilde y\u00fcr\u00fctmenize yard\u0131m eder.<\/p>\n<h3>Projelerinizde D\u00fczen ve Verimlilik<\/h3>\n<p>TIS-Bus Network Switch, i\u015flerinizde d\u00fczen ve verim getirir. Kablolar\u0131n d\u00fczg\u00fcn organize edilmesiyle kurulumlar h\u0131zlan\u0131r ve bak\u0131m i\u015flemleri \u00e7ok Basitle\u015fir. Bu mod\u00fclle Elektrik kutular\u0131nda hem yerden tasarruf ediliyor hem de kar\u0131\u015f\u0131kl\u0131k tarihe Kar\u0131\u015f\u0131yor. Sonu\u00e7 olarak, projelerde daha d\u00fczenli ve profesyonel bir g\u00f6r\u00fcn\u00fcm kazan\u0131l\u0131r.<\/p>\n","protected":false},"excerpt":{"rendered":"<p>\ud83d\udd0c TIS-Bus Network Switch, elektrik kutular\u0131ndaki kar\u0131\u015f\u0131kl\u0131\u011f\u0131 azaltarak kablo d\u00fczenini sa\u011flamak i\u00e7in etkili bir \u00e7\u00f6z\u00fcm sunar.<\/p>\n<p>\ud83c\udfd7\ufe0f B\u00fcy\u00fck projelerde kablolar\u0131n d\u00fczg\u00fcnce yerle\u015ftirilmesi genelde zordur, ancak bu mod\u00fcl ile d\u00fczenlemek daha basit ve kolay hale gelir.<\/p>\n<p>\u2699\ufe0f Mod\u00fcl, 7 terminale sahip bir din ray mod\u00fcl\u00fc olarak elektrik kutusuna monte edilebilir.<\/p>\n<p>\ud83d\udce1 BUS protokol\u00fc deste\u011fiyle kablo y\u00f6netimine destek \u00e7\u0131kar ve d\u00fczenli bir kurulum sa\u011flar.<\/p>\n<p>\ud83d\udd12 G\u00fcvenli ve etkili kablo da\u011f\u0131t\u0131m\u0131 konusunda \u00f6n saflarda yer al\u0131r, karma\u015fay\u0131 \u00f6nler ve kablolar\u0131 organize eder.<\/p>\n<p>\u23f1\ufe0f Projelerde zaman israf\u0131n\u0131 \u00f6nler ve i\u015fleri daha verimli y\u00fcr\u00fctmenize yard\u0131mc\u0131 olur.<\/p>\n<p>\ud83d\uddc4\ufe0f Elektrik kutular\u0131nda yerden tasarruf sa\u011flar ve kar\u0131\u015f\u0131kl\u0131\u011f\u0131 ortadan kald\u0131rarak daha profesyonel bir g\u00f6r\u00fcn\u00fcm kazand\u0131r\u0131r.<\/p>\n","protected":false},"featured_media":2838,"comment_status":"open","ping_status":"closed","template":"","meta":{"_acf_changed":false},"product_brand":[433],"product_cat":[160],"product_tag":[355,354,428],"class_list":{"0":"post-3791","1":"product","2":"type-product","3":"status-publish","4":"has-post-thumbnail","6":"product_brand-tiscontrol","7":"product_cat-accessories","8":"product_tag-bus-network-switch","9":"product_tag-cable-manager","10":"product_tag-tiscontrol","12":"first","13":"onbackorder","14":"taxable","15":"shipping-taxable","16":"product-type-simple","17":"add-to-wishlist-after_add_to_cart"},"acf":[],"_links":{"self":[{"href":"https:\/\/dealer.tiscontrol.com.tr\/fa\/wp-json\/wp\/v2\/product\/3791","targetHints":{"allow":["GET"]}}],"collection":[{"href":"https:\/\/dealer.tiscontrol.com.tr\/fa\/wp-json\/wp\/v2\/product"}],"about":[{"href":"https:\/\/dealer.tiscontrol.com.tr\/fa\/wp-json\/wp\/v2\/types\/product"}],"replies":[{"embeddable":true,"href":"https:\/\/dealer.tiscontrol.com.tr\/fa\/wp-json\/wp\/v2\/comments?post=3791"}],"wp:featuredmedia":[{"embeddable":true,"href":"https:\/\/dealer.tiscontrol.com.tr\/fa\/wp-json\/wp\/v2\/media\/2838"}],"wp:attachment":[{"href":"https:\/\/dealer.tiscontrol.com.tr\/fa\/wp-json\/wp\/v2\/media?parent=3791"}],"wp:term":[{"taxonomy":"product_brand","embeddable":true,"href":"https:\/\/dealer.tiscontrol.com.tr\/fa\/wp-json\/wp\/v2\/product_brand?post=3791"},{"taxonomy":"product_cat","embeddable":true,"href":"https:\/\/dealer.tiscontrol.com.tr\/fa\/wp-json\/wp\/v2\/product_cat?post=3791"},{"taxonomy":"product_tag","embeddable":true,"href":"https:\/\/dealer.tiscontrol.com.tr\/fa\/wp-json\/wp\/v2\/product_tag?post=3791"}],"curies":[{"name":"wp","href":"https:\/\/api.w.org\/{rel}","templated":true}]}}