{"id":3806,"date":"2025-02-16T16:50:21","date_gmt":"2025-02-16T16:50:21","guid":{"rendered":"https:\/\/dealer.tiscontrol.com.tr\/?post_type=product&#038;p=3806"},"modified":"2026-01-17T23:26:40","modified_gmt":"2026-01-17T20:26:40","slug":"8-inc-dokunmatik-ekranli-apartman-tipi-dis-unite","status":"publish","type":"product","link":"https:\/\/dealer.tiscontrol.com.tr\/fa\/product\/8-inc-dokunmatik-ekranli-apartman-tipi-dis-unite\/","title":{"rendered":"8 \u0130n\u00e7 Dokunmatik Ekranl\u0131 Apartman Tipi D\u0131\u015f \u00dcnite"},"content":{"rendered":"<h2 data-pm-slice=\"1 1 []\">Geni\u015f G\u00f6r\u00fc\u015f A\u00e7\u0131s\u0131yla G\u00fcvenli\u011finiz Art\u0131k Daha G\u00fc\u00e7l\u00fc<\/h2>\n<p data-pm-slice=\"1 1 []\">Bu 8 in\u00e7 Dokunmatik Ekranl\u0131 Apartman D\u0131\u015f \u00dcnitesi, i\u015fte sana 120\u00b0 geni\u015f bir g\u00f6r\u00fc\u015f a\u00e7\u0131s\u0131 ve \u00e7ift HD kamera sunuyor. Bununla kap\u0131n\u0131n \u00f6n\u00fcndeki her \u015feyi net bi\u00e7imde g\u00f6rebilirsin. 2MP kameralar da harika, y\u00fcksek kalite g\u00f6r\u00fcnt\u00fcler veriyor. Emin ol, geni\u015f G\u00f6r\u00fc\u015f a\u00e7\u0131s\u0131 kap\u0131daki herhangi bir K\u00f6r noktay\u0131 ortadan kald\u0131r\u0131r, art\u0131 daha geni\u015f bir g\u00fcvenlik verir.<\/p>\n<h2>Esnek Giri\u015f Y\u00f6ntemleri ile Kullan\u0131m Kolayl\u0131\u011f\u0131<\/h2>\n<p data-pm-slice=\"1 1 []\">Bu d\u0131\u015f \u00fcnite, kullan\u0131c\u0131lara pek \u00e7ok farkl\u0131 giri\u015f Y\u00f6ntemi sunuyor. Mesela arama, y\u00fcz tan\u0131ma, IC kart (13.56MHz), ID kart (125kHz), PIN kodu, uygulama ve Bluetooth (bu opsiyonel) se\u00e7enekleriyle kap\u0131y\u0131 a\u00e7abilirsin. \u00c7ok y\u00f6nl\u00fc giri\u015f se\u00e7enekleri hem g\u00fcvenli\u011fi hem de rahatl\u0131\u011f\u0131 art\u0131r\u0131yor. Y\u00fcz tan\u0131ma ve anti-spoofing algoritmas\u0131 sayesinde foto\u011fraf ve video doland\u0131r\u0131c\u0131l\u0131\u011f\u0131na kar\u015f\u0131 koruma sa\u011fl\u0131yor.<\/p>\n<h2>Kolay Kurulum ve Entegrasyon<\/h2>\n<p data-pm-slice=\"1 1 []\">Bu 8 in\u00e7 Dokunmatik Ekranl\u0131 Apartman D\u0131\u015f \u00dcnitesi y\u00fczey ve g\u00f6mme montaj deste\u011fiyle kolayca monte edilebilme yetene\u011fine sahip. SIP 2.0 protokol\u00fcyle di\u011fer SIP cihazlar\u0131yla rahat\u00e7a entegre olur. Bu \u00f6zellik mevcut g\u00fcvenlik sistemlerine sorunsuz bir \u015fekilde uyum sa\u011flar. Haydi say bakal\u0131m: tam 20.000 kullan\u0131c\u0131, 20.000 y\u00fcz ve de 60.000 kart kapasitesi sunar! \u00dcstelik, tamper alarm\u0131yla cihaz izinsiz m\u00fcdahalelere kar\u015f\u0131 korunur.<\/p>\n","protected":false},"excerpt":{"rendered":"<p>\ud83d\udcf1 8 in\u00e7 renkli IPS LCD ekran.<\/p>\n<p>\ud83d\udcf7 \u00c7ift HD kamera, 2MP \u00e7\u00f6z\u00fcn\u00fcrl\u00fckte.<\/p>\n<p>\ud83c\udf10 120\u00b0 geni\u015f g\u00f6r\u00fc\u015f a\u00e7\u0131s\u0131.<\/p>\n<p>\ud83c\udf04 WDR teknolojisi ile karanl\u0131k alanlar\u0131 ayd\u0131nlatma ve a\u015f\u0131r\u0131 pozlanm\u0131\u015f b\u00f6lgeleri karartma deste\u011fi.<\/p>\n<p>\ud83d\udeaa Kap\u0131 giri\u015f y\u00f6ntemleri: arama, y\u00fcz tan\u0131ma, IC kart (13.56MHz), ID kart (125kHz), PIN kodu, uygulama, Bluetooth (iste\u011fe ba\u011fl\u0131).<\/p>\n<p>\ud83d\udee1\ufe0f Foto\u011fraf ve videolara kar\u015f\u0131 anti-spoofing algoritmas\u0131.<\/p>\n<p>\ud83d\udc65 20,000 kullan\u0131c\u0131, 20,000 y\u00fcz ve 60,000 kart deste\u011fi.<\/p>\n<p>\ud83d\udea8 Sabotaj alarm\u0131.<\/p>\n<p>\ud83d\udd27 Y\u00fczey ve g\u00f6mme montaj deste\u011fi.<\/p>\n<p>\ud83d\udd17 SIP 2.0 protokol\u00fc ile di\u011fer SIP cihazlar\u0131yla kolay entegrasyon.<\/p>\n","protected":false},"featured_media":3813,"comment_status":"open","ping_status":"closed","template":"","meta":{"_acf_changed":false},"product_brand":[433],"product_cat":[149,151],"product_tag":[369,428,368],"class_list":{"0":"post-3806","1":"product","2":"type-product","3":"status-publish","4":"has-post-thumbnail","6":"product_brand-tiscontrol","7":"product_cat-video-door-phone-smart-lock","8":"product_cat-outdoor-unit","9":"product_tag-akilli-diafon","10":"product_tag-tiscontrol","11":"product_tag-yuz-tanima","13":"first","14":"onbackorder","15":"taxable","16":"shipping-taxable","17":"product-type-simple","18":"add-to-wishlist-after_add_to_cart"},"acf":[],"_links":{"self":[{"href":"https:\/\/dealer.tiscontrol.com.tr\/fa\/wp-json\/wp\/v2\/product\/3806","targetHints":{"allow":["GET"]}}],"collection":[{"href":"https:\/\/dealer.tiscontrol.com.tr\/fa\/wp-json\/wp\/v2\/product"}],"about":[{"href":"https:\/\/dealer.tiscontrol.com.tr\/fa\/wp-json\/wp\/v2\/types\/product"}],"replies":[{"embeddable":true,"href":"https:\/\/dealer.tiscontrol.com.tr\/fa\/wp-json\/wp\/v2\/comments?post=3806"}],"wp:featuredmedia":[{"embeddable":true,"href":"https:\/\/dealer.tiscontrol.com.tr\/fa\/wp-json\/wp\/v2\/media\/3813"}],"wp:attachment":[{"href":"https:\/\/dealer.tiscontrol.com.tr\/fa\/wp-json\/wp\/v2\/media?parent=3806"}],"wp:term":[{"taxonomy":"product_brand","embeddable":true,"href":"https:\/\/dealer.tiscontrol.com.tr\/fa\/wp-json\/wp\/v2\/product_brand?post=3806"},{"taxonomy":"product_cat","embeddable":true,"href":"https:\/\/dealer.tiscontrol.com.tr\/fa\/wp-json\/wp\/v2\/product_cat?post=3806"},{"taxonomy":"product_tag","embeddable":true,"href":"https:\/\/dealer.tiscontrol.com.tr\/fa\/wp-json\/wp\/v2\/product_tag?post=3806"}],"curies":[{"name":"wp","href":"https:\/\/api.w.org\/{rel}","templated":true}]}}