{"id":3824,"date":"2025-02-16T18:05:21","date_gmt":"2025-02-16T18:05:21","guid":{"rendered":"https:\/\/dealer.tiscontrol.com.tr\/?post_type=product&#038;p=3824"},"modified":"2026-01-17T23:23:39","modified_gmt":"2026-01-17T20:23:39","slug":"villa-tipi-veya-daire-onu-zil-paneli","status":"publish","type":"product","link":"https:\/\/dealer.tiscontrol.com.tr\/fa\/product\/villa-tipi-veya-daire-onu-zil-paneli\/","title":{"rendered":"Villa Tipi veya Daire \u00d6n\u00fc Zil Paneli"},"content":{"rendered":"<h2 data-pm-slice=\"1 1 []\">Geni\u015f g\u00f6r\u00fc\u015f a\u00e7\u0131s\u0131na ve HD netli\u011fe sahip<\/h2>\n<p data-pm-slice=\"1 1 []\">Villa ya da apartman dairenizin \u00f6n\u00fcnde duran Zil Paneli, 2MP HD dijital WDR kamerayla donat\u0131lm\u0131\u015f durumda. Bunun sayesinde kap\u0131n\u0131z\u0131n \u00f6n\u00fcnde olan biteni p\u0131r\u0131l p\u0131r\u0131l, tertemiz g\u00f6rebilirsiniz. 110\u00b0&#8217;lik geni\u015f bir a\u00e7\u0131 sunar\u2014bu da daha fazla alan\u0131 g\u00f6rmenizi sa\u011flar ve g\u00fcvenli\u011finiz artar. &#8220;Bir hareket mi var?&#8221; \u0130\u015fte o zaman hemen haberiniz olur \u00e7\u00fcnk\u00fc hareketi alg\u0131lar. B\u00fct\u00fcn bu \u015fahane \u00f6zellikler, evinizin g\u00fcvende kalmas\u0131 i\u00e7in ideal bir \u00e7\u00f6z\u00fcm sunar.<\/p>\n<h3>Dayan\u0131kl\u0131 ve Kullan\u0131c\u0131 Dostu Tasar\u0131m<\/h3>\n<p data-pm-slice=\"1 1 []\">Bu zil paneli, -40\u00b0C ile 55\u00b0C aras\u0131nda de\u011fi\u015fen s\u0131cakl\u0131klara dayan\u0131kl\u0131. Her t\u00fcrl\u00fc hava ko\u015fulunda kullanmak m\u00fcmk\u00fcn. Tasar\u0131m\u0131 \u00f6yle \u015firin ki evinizin g\u00fczelli\u011fini bozmadan kolayca monte edilebilir. \u00dc\u00e7 entegre g\u00f6sterge var; bunlar sayesinde cihaz\u0131n durumunu bilmek \u00e7ocuk oyunca\u011f\u0131. Ayr\u0131ca, 60.000 karta kadar destek veriyor, yani neredeyse herkes kullanabilir.<\/p>\n<h3>\u00c7ok Y\u00f6nl\u00fc Giri\u015f Y\u00f6ntemleri ve Entegre \u00c7\u00f6z\u00fcmler<\/h3>\n<p data-pm-slice=\"1 1 []\">Villa tipi veya apartman \u00f6n\u00fcne uygun Zil Paneli, \u00e7a\u011fr\u0131, IC kart (13.56MHz) ve uygulama gibi farkl\u0131 kap\u0131 giri\u015f y\u00f6ntemleri sunuyor. Bu m\u00fcthi\u015f esneklik kullan\u0131c\u0131lar\u0131n kendi ihtiya\u00e7lar\u0131na uygun y\u00f6ntemi se\u00e7melerini sa\u011fl\u0131yor. SIP 2.0 protokol\u00fc sayesinde ba\u015fka SIP cihazlar\u0131yla sorunsuzca uyum sa\u011flar; b\u00f6ylece mevcut g\u00fcvenlik sistemlerinizi b\u00fcy\u00fctmek \u00e7ocuk oyunca\u011f\u0131 haline gelir. Y\u00fcksek ses ve g\u00f6r\u00fcnt\u00fc kalitesi (H.265 codec) ile ileti\u015fimde netlik sunar\u2014g\u00fcvenilirli\u011fiyle sizi yar\u0131 yolda b\u0131rakmaz!<\/p>\n","protected":false},"excerpt":{"rendered":"<p>\ud83d\udcf7 2MP HD dijital WDR kamera, y\u00fcksek kaliteli g\u00f6r\u00fcnt\u00fc sa\u011flar.<\/p>\n<p>\ud83d\udd0d 110\u00b0 geni\u015f g\u00f6r\u00fc\u015f a\u00e7\u0131s\u0131, geni\u015f alanlar\u0131 izlemeye olanak tan\u0131r.<\/p>\n<p>\ud83d\udea8 Hareket alg\u0131lama ve sabotaj alarm\u0131, g\u00fcvenli\u011fi art\u0131r\u0131r.<\/p>\n<p>\ud83c\udfb5 H.265 codec ile \u00fcst\u00fcn ses ve video kalitesi sunar.<\/p>\n<p>\ud83d\udce1 Opsiyonel Wi-Fi deste\u011fi, kablosuz ba\u011flant\u0131 imkan\u0131 sa\u011flar.<\/p>\n<p>\ud83d\udd11 Kap\u0131 giri\u015f y\u00f6ntemleri: arama, IC kart (13.56MHz), uygulama ile kontrol.<\/p>\n<p>\u2744\ufe0f -40\u2103 ile 55\u2103 aras\u0131nda d\u00fc\u015f\u00fck s\u0131cakl\u0131k direnci, zorlu hava ko\u015fullar\u0131nda \u00e7al\u0131\u015fabilir.<\/p>\n","protected":false},"featured_media":3814,"comment_status":"open","ping_status":"closed","template":"","meta":{"_acf_changed":false},"product_brand":[433],"product_cat":[149,151],"product_tag":[369,428],"class_list":{"0":"post-3824","1":"product","2":"type-product","3":"status-publish","4":"has-post-thumbnail","6":"product_brand-tiscontrol","7":"product_cat-video-door-phone-smart-lock","8":"product_cat-outdoor-unit","9":"product_tag-akilli-diafon","10":"product_tag-tiscontrol","12":"first","13":"onbackorder","14":"taxable","15":"shipping-taxable","16":"product-type-simple","17":"add-to-wishlist-after_add_to_cart"},"acf":[],"_links":{"self":[{"href":"https:\/\/dealer.tiscontrol.com.tr\/fa\/wp-json\/wp\/v2\/product\/3824","targetHints":{"allow":["GET"]}}],"collection":[{"href":"https:\/\/dealer.tiscontrol.com.tr\/fa\/wp-json\/wp\/v2\/product"}],"about":[{"href":"https:\/\/dealer.tiscontrol.com.tr\/fa\/wp-json\/wp\/v2\/types\/product"}],"replies":[{"embeddable":true,"href":"https:\/\/dealer.tiscontrol.com.tr\/fa\/wp-json\/wp\/v2\/comments?post=3824"}],"wp:featuredmedia":[{"embeddable":true,"href":"https:\/\/dealer.tiscontrol.com.tr\/fa\/wp-json\/wp\/v2\/media\/3814"}],"wp:attachment":[{"href":"https:\/\/dealer.tiscontrol.com.tr\/fa\/wp-json\/wp\/v2\/media?parent=3824"}],"wp:term":[{"taxonomy":"product_brand","embeddable":true,"href":"https:\/\/dealer.tiscontrol.com.tr\/fa\/wp-json\/wp\/v2\/product_brand?post=3824"},{"taxonomy":"product_cat","embeddable":true,"href":"https:\/\/dealer.tiscontrol.com.tr\/fa\/wp-json\/wp\/v2\/product_cat?post=3824"},{"taxonomy":"product_tag","embeddable":true,"href":"https:\/\/dealer.tiscontrol.com.tr\/fa\/wp-json\/wp\/v2\/product_tag?post=3824"}],"curies":[{"name":"wp","href":"https:\/\/api.w.org\/{rel}","templated":true}]}}