{"id":3833,"date":"2025-02-17T10:16:24","date_gmt":"2025-02-17T10:16:24","guid":{"rendered":"https:\/\/dealer.tiscontrol.com.tr\/?post_type=product&#038;p=3833"},"modified":"2026-01-17T23:20:08","modified_gmt":"2026-01-17T20:20:08","slug":"6-cikisli-damper-kontrol-modulu","status":"publish","type":"product","link":"https:\/\/dealer.tiscontrol.com.tr\/fa\/product\/6-cikisli-damper-kontrol-modulu\/","title":{"rendered":"6 \u00c7\u0131k\u0131\u015fl\u0131 Damper Kontrol Mod\u00fcl\u00fc"},"content":{"rendered":"<h2 data-pm-slice=\"1 1 []\">Hassas Kontrol ile Enerji Tasarrufu<\/h2>\n<p data-pm-slice=\"1 1 []\">Bu 6 \u00e7\u0131k\u0131\u015fl\u0131 damper kontrol mod\u00fcl\u00fc, enerji verimlili\u011fi i\u00e7in \u00f6zel olarak tasarland\u0131. <strong>6 motorlu damper kontrol\u00fc<\/strong>, her damperin dikkatlice y\u00f6netilmesine imkan verir (bu ger\u00e7ekten \u00f6nemlidir!). Bu \u00f6zelliklerle enerji t\u00fcketimi azal\u0131rken konfor maksimum seviyeye \u00e7\u0131kar. Oda s\u0131cakl\u0131\u011f\u0131 ve ayar noktalar\u0131na g\u00f6re otomatik de\u011fi\u015fimler yaparak gereksiz enerji israf\u0131n\u0131 \u00f6nler. \u00c7evre dostu &amp; cebinizi koruyan bir \u00e7\u00f6z\u00fcm sunar.<\/p>\n<h3>Geli\u015fmi\u015f Sens\u00f6r Entegrasyonu<\/h3>\n<p data-pm-slice=\"1 1 []\">Bu Mod\u00fcl, <strong>6 s\u0131cakl\u0131k sens\u00f6r\u00fc giri\u015fi<\/strong> ile donat\u0131lm\u0131\u015ft\u0131r, her odan\u0131n s\u0131cakl\u0131\u011f\u0131n\u0131 anl\u0131k izler. Bu \u015fekilde, \u00e7e\u015fitli odalarda meydana gelen s\u0131cakl\u0131k de\u011fi\u015fiklikleri h\u0131zla yakalan\u0131r ve damperler do\u011fru bi\u00e7imde ayarlan\u0131r. B\u00f6ylelikle her odada ideal s\u0131cakl\u0131k sa\u011flan\u0131r &amp; kullan\u0131c\u0131lar i\u00e7in azami konfor sunulur. Sens\u00f6rlerin sa\u011flad\u0131\u011f\u0131 bilgilerle sistemin performans\u0131 s\u00fcrekli olarak geli\u015ftirilir.<\/p>\n<h3>Kullan\u0131c\u0131 Dostu ve G\u00fcvenilir \u00c7\u00f6z\u00fcmler<\/h3>\n<p data-pm-slice=\"1 1 []\">Bu damper kontrol mod\u00fcl\u00fc, kullan\u0131c\u0131 dostu bir aray\u00fcz ve g\u00fcvenilir bir performans ile dikkat \u00e7eker. Kolay kurulum ve kullan\u0131m \u00f6zelliklerinden dolay\u0131 teknik bilgi gerektirmeden herkes rahat\u00e7a kullanabilir. Ayr\u0131ca sa\u011flam yap\u0131s\u0131 ve dayan\u0131kl\u0131 bile\u015fenleriyle uzun s\u00fcreli bir kullan\u0131m vaat eder. Hem ev hem de ticari alanlar i\u00e7in ideal bir tercihtir.<\/p>\n","protected":false},"excerpt":{"rendered":"<p>\ud83c\udf3f <strong>Enerji Verimlili\u011fi:<\/strong> 6 \u00e7\u0131k\u0131\u015fl\u0131 damper kontrol mod\u00fcl\u00fc, enerji t\u00fcketimini azaltarak konforu art\u0131rmak i\u00e7in tasarlanm\u0131\u015ft\u0131r.<\/p>\n<p>\ud83d\udd04 <strong>Otomatik Ayarlamalar:<\/strong> Oda s\u0131cakl\u0131\u011f\u0131 ve ayar noktalar\u0131na g\u00f6re otomatik de\u011fi\u015fiklikler yaparak gereksiz enerji israf\u0131n\u0131 \u00f6nler.<\/p>\n<p>\ud83c\udf21\ufe0f <strong>Geli\u015fmi\u015f Sens\u00f6rler:<\/strong> 6 s\u0131cakl\u0131k sens\u00f6r\u00fc giri\u015fi ile her odan\u0131n s\u0131cakl\u0131\u011f\u0131n\u0131 anl\u0131k izler ve damperleri do\u011fru \u015fekilde ayarlar.<\/p>\n<p>\ud83c\udfe0 <strong>Kullan\u0131c\u0131 Konforu:<\/strong> Her odada ideal s\u0131cakl\u0131k sa\u011flanarak kullan\u0131c\u0131lar i\u00e7in maksimum konfor sunulur.<\/p>\n<p>\ud83d\udc65 <strong>Kullan\u0131c\u0131 Dostu:<\/strong> Kolay kurulum ve kullan\u0131m \u00f6zellikleri sayesinde teknik bilgi gerektirmeden herkes taraf\u0131ndan kullan\u0131labilir.<\/p>\n<p>\ud83d\udd27 <strong>Dayan\u0131kl\u0131 Yap\u0131:<\/strong> Sa\u011flam yap\u0131s\u0131 ve dayan\u0131kl\u0131 bile\u015fenleriyle uzun s\u00fcreli kullan\u0131m sunar.<\/p>\n<p>\ud83c\udfe2 <strong>\u00c7ok Y\u00f6nl\u00fc Kullan\u0131m:<\/strong> Hem ev hem de ticari alanlar i\u00e7in ideal bir tercihtir.<\/p>\n","protected":false},"featured_media":3834,"comment_status":"open","ping_status":"closed","template":"","meta":{"_acf_changed":false},"product_brand":[433],"product_cat":[101,102],"product_tag":[372,428],"class_list":{"0":"post-3833","1":"product","2":"type-product","3":"status-publish","4":"has-post-thumbnail","6":"product_brand-tiscontrol","7":"product_cat-actuators","8":"product_cat-relays","9":"product_tag-damper-kontrolu","10":"product_tag-tiscontrol","12":"first","13":"onbackorder","14":"taxable","15":"shipping-taxable","16":"product-type-simple","17":"add-to-wishlist-after_add_to_cart"},"acf":[],"_links":{"self":[{"href":"https:\/\/dealer.tiscontrol.com.tr\/fa\/wp-json\/wp\/v2\/product\/3833","targetHints":{"allow":["GET"]}}],"collection":[{"href":"https:\/\/dealer.tiscontrol.com.tr\/fa\/wp-json\/wp\/v2\/product"}],"about":[{"href":"https:\/\/dealer.tiscontrol.com.tr\/fa\/wp-json\/wp\/v2\/types\/product"}],"replies":[{"embeddable":true,"href":"https:\/\/dealer.tiscontrol.com.tr\/fa\/wp-json\/wp\/v2\/comments?post=3833"}],"wp:featuredmedia":[{"embeddable":true,"href":"https:\/\/dealer.tiscontrol.com.tr\/fa\/wp-json\/wp\/v2\/media\/3834"}],"wp:attachment":[{"href":"https:\/\/dealer.tiscontrol.com.tr\/fa\/wp-json\/wp\/v2\/media?parent=3833"}],"wp:term":[{"taxonomy":"product_brand","embeddable":true,"href":"https:\/\/dealer.tiscontrol.com.tr\/fa\/wp-json\/wp\/v2\/product_brand?post=3833"},{"taxonomy":"product_cat","embeddable":true,"href":"https:\/\/dealer.tiscontrol.com.tr\/fa\/wp-json\/wp\/v2\/product_cat?post=3833"},{"taxonomy":"product_tag","embeddable":true,"href":"https:\/\/dealer.tiscontrol.com.tr\/fa\/wp-json\/wp\/v2\/product_tag?post=3833"}],"curies":[{"name":"wp","href":"https:\/\/api.w.org\/{rel}","templated":true}]}}