{"id":4053,"date":"2025-02-28T16:45:30","date_gmt":"2025-02-28T16:45:30","guid":{"rendered":"https:\/\/dealer.tiscontrol.com.tr\/?post_type=product&#038;p=4053"},"modified":"2026-01-17T22:11:22","modified_gmt":"2026-01-17T19:11:22","slug":"zigbee-rgb-modulu","status":"publish","type":"product","link":"https:\/\/dealer.tiscontrol.com.tr\/fa\/product\/zigbee-rgb-modulu\/","title":{"rendered":"Zigbee RGB Mod\u00fcl\u00fc"},"content":{"rendered":"<h2 data-pm-slice=\"1 1 []\">Renkli Ayd\u0131nlatman\u0131n Keyfini \u00c7\u0131kar\u0131n<\/h2>\n<p data-pm-slice=\"1 1 []\">Zigbee RGB Mod\u00fcl\u00fc ile (evinizin atmosferini) renklerle canland\u0131r\u0131n. Zigbee 3.0 ile uyumlu olan bu mod\u00fcl, LED \u0131\u015f\u0131klar\u0131 (kolayca) y\u00f6netmenize olanak tan\u0131r. Salonunuzda ya da yatak odan\u0131zda kullanabilirsiniz. Her ortamda istedi\u011finiz renk ve \u0131\u015f\u0131k yo\u011funlu\u011funu ayarlamak sizin elinizde. Bu mod\u00fcl, enerji tasarrufu da sa\u011flarken evinizin dekorasyonuna uyum sa\u011flar.<\/p>\n<h3>Ak\u0131ll\u0131 Telefonunuzla Kontrol Edin<\/h3>\n<p data-pm-slice=\"1 1 []\">Zigbee RGB Mod\u00fcl\u00fc, ak\u0131ll\u0131 telefonunuzla \u00e7al\u0131\u015f\u0131r. B\u00f6ylece \u0131\u015f\u0131klar\u0131 her an, her yerden kontrol etmek kolay olur. TIS uygulamas\u0131 ya da Windows yaz\u0131l\u0131m\u0131 ile \u0131\u015f\u0131k ayarlar\u0131n\u0131 de\u011fi\u015ftirebilirsiniz. Ruh halinize uyan renk kombinasyonlar yapabilirsiniz. Mesela, bir spor etkinli\u011finde tuttu\u011funuz tak\u0131m\u0131n renkleriyle ortam\u0131n\u0131za canl\u0131l\u0131k katabilirsiniz.<\/p>\n<h3>Kolay Kurulum ve Kullan\u0131m<\/h3>\n<p data-pm-slice=\"1 1 []\">Kurulumu ve kullan\u0131m\u0131 ger\u00e7ekten \u00e7ok basit. Karma\u015f\u0131k ayarlamalara gerek yok, birka\u00e7 ad\u0131mda istedi\u011finiz \u0131\u015f\u0131k d\u00fczenini kurabilirsiniz. Herkesin kolayca kullanabilece\u011fi bu mod\u00fcl, evin esteti\u011fine uyum sa\u011flar ve ayd\u0131nlatman\u0131z\u0131 harika bir \u015fekilde tamamlar.<\/p>\n","protected":false},"excerpt":{"rendered":"<div class=\"toastui-editor-toolbar\">\n<div class=\"toastui-editor-defaultUI-toolbar\">\n<div class=\"toastui-editor-toolbar-group\">\n<p>\ud83c\udf08 Zigbee RGB Mod\u00fcl\u00fc, Zigbee 3.0 ile uyumlu olup, LED \u0131\u015f\u0131klar\u0131 kolayca y\u00f6netmenizi sa\u011flar.<\/p>\n<p>\ud83c\udfe0 Mod\u00fcl, salon veya yatak odas\u0131 gibi farkl\u0131 ortamlarda kullan\u0131labilir ve istenilen renk ve \u0131\u015f\u0131k yo\u011funlu\u011funu ayarlama imkan\u0131 sunar.<\/p>\n<p>\ud83d\udca1 Enerji tasarrufu sa\u011flayarak ev dekorasyonuna uyumlu bir ayd\u0131nlatma \u00e7\u00f6z\u00fcm\u00fc sunar.<\/p>\n<p>\ud83d\udcf1 Ak\u0131ll\u0131 telefon ile kontrol edilebilir, TIS uygulamas\u0131 veya Windows yaz\u0131l\u0131m\u0131 ile \u0131\u015f\u0131k ayarlar\u0131 de\u011fi\u015ftirilebilir.<\/p>\n<p>\u26bd Ruh halinize uygun renk kombinasyonlar\u0131 yapabilir, \u00f6rne\u011fin tuttu\u011funuz tak\u0131m\u0131n renkleriyle ortam\u0131n\u0131za canl\u0131l\u0131k katabilirsiniz.<\/p>\n<p>\ud83d\udd27 Kurulumu ve kullan\u0131m\u0131 olduk\u00e7a basit olup, karma\u015f\u0131k ayarlamalara gerek kalmadan birka\u00e7 ad\u0131mda istenilen \u0131\u015f\u0131k d\u00fczeni kurulabilir.<\/p>\n<p>\ud83c\udfa8 Herkesin kolayca kullanabilece\u011fi bu mod\u00fcl, evin esteti\u011fine uyum sa\u011flar ve ayd\u0131nlatmay\u0131 m\u00fckemmel bir \u015fekilde tamamlar.<\/p>\n<\/div>\n<\/div>\n<\/div>\n","protected":false},"featured_media":4054,"comment_status":"open","ping_status":"closed","template":"","meta":{"_acf_changed":false},"product_brand":[433],"product_cat":[101,106],"product_tag":[428,386],"class_list":{"0":"post-4053","1":"product","2":"type-product","3":"status-publish","4":"has-post-thumbnail","6":"product_brand-tiscontrol","7":"product_cat-actuators","8":"product_cat-zigbee-actuators","9":"product_tag-tiscontrol","10":"product_tag-zigbee-3","12":"first","13":"onbackorder","14":"taxable","15":"shipping-taxable","16":"product-type-simple","17":"add-to-wishlist-after_add_to_cart"},"acf":[],"_links":{"self":[{"href":"https:\/\/dealer.tiscontrol.com.tr\/fa\/wp-json\/wp\/v2\/product\/4053","targetHints":{"allow":["GET"]}}],"collection":[{"href":"https:\/\/dealer.tiscontrol.com.tr\/fa\/wp-json\/wp\/v2\/product"}],"about":[{"href":"https:\/\/dealer.tiscontrol.com.tr\/fa\/wp-json\/wp\/v2\/types\/product"}],"replies":[{"embeddable":true,"href":"https:\/\/dealer.tiscontrol.com.tr\/fa\/wp-json\/wp\/v2\/comments?post=4053"}],"wp:featuredmedia":[{"embeddable":true,"href":"https:\/\/dealer.tiscontrol.com.tr\/fa\/wp-json\/wp\/v2\/media\/4054"}],"wp:attachment":[{"href":"https:\/\/dealer.tiscontrol.com.tr\/fa\/wp-json\/wp\/v2\/media?parent=4053"}],"wp:term":[{"taxonomy":"product_brand","embeddable":true,"href":"https:\/\/dealer.tiscontrol.com.tr\/fa\/wp-json\/wp\/v2\/product_brand?post=4053"},{"taxonomy":"product_cat","embeddable":true,"href":"https:\/\/dealer.tiscontrol.com.tr\/fa\/wp-json\/wp\/v2\/product_cat?post=4053"},{"taxonomy":"product_tag","embeddable":true,"href":"https:\/\/dealer.tiscontrol.com.tr\/fa\/wp-json\/wp\/v2\/product_tag?post=4053"}],"curies":[{"name":"wp","href":"https:\/\/api.w.org\/{rel}","templated":true}]}}