{"id":4081,"date":"2025-02-28T19:43:26","date_gmt":"2025-02-28T19:43:26","guid":{"rendered":"https:\/\/dealer.tiscontrol.com.tr\/?post_type=product&#038;p=4081"},"modified":"2026-01-17T21:42:38","modified_gmt":"2026-01-17T18:42:38","slug":"zigbee-dion-uclu-anahtar","status":"publish","type":"product","link":"https:\/\/dealer.tiscontrol.com.tr\/fa\/product\/zigbee-dion-uclu-anahtar\/","title":{"rendered":"Zigbee Dion \u00dc\u00e7l\u00fc Anahtar"},"content":{"rendered":"<h2 data-pm-slice=\"1 1 []\">Zigbee Teknolojisi ile Ak\u0131ll\u0131 Kontrol<\/h2>\n<p data-pm-slice=\"1 1 []\">Zigbee Dion \u00dc\u00e7l\u00fc Anahtar, ayd\u0131nlatma sisteminizi ak\u0131lland\u0131rman\u0131n en basit ve etkili yollar\u0131ndan biridir. Zigbee teknolojisiyle, eski \u0131\u015f\u0131k anahtarlar\u0131n\u0131z\u0131 modern hale getirmek son derece kolayd\u0131r. Evinizin d\u0131\u015f\u0131nda bile ayd\u0131nlatmay\u0131 kontrol etme \u015fans\u0131na sahipsiniz, manuel kontrol kolayl\u0131\u011f\u0131n\u0131 kaybetmeden ak\u0131ll\u0131 deneyim ya\u015fars\u0131n\u0131z. \u00c7ocuklar\u0131n\u0131z\u0131n gece korkusu mu var? I\u015f\u0131klar\u0131 a\u00e7\u0131k b\u0131rak\u0131n ve sonras\u0131nda telefonunuzdan kapat\u0131n. Bu \u00f6zellik, g\u00fcvenli\u011fi ve konforu art\u0131r\u0131r.<\/p>\n<h3>Sesli Komutlarla Konforlu Ayd\u0131nlatma<\/h3>\n<p data-pm-slice=\"1 1 []\">Dion Anahtarlar\u0131, sesli komutlar ile ayd\u0131nlatmay\u0131 kontrol etmeyi \u00e7ok daha basit hale getiriyor. Alexa ya da Google Asistan\u0131n\u0131za oturma odas\u0131n\u0131 ayd\u0131nlatmas\u0131n\u0131 veya \u0131\u015f\u0131klar\u0131 k\u0131smay\u0131 s\u00f6yleyebilirsiniz. \u015ea\u015f\u0131rt\u0131c\u0131 de\u011fil mi? Bu \u00f6zellik, eve hemen farkl\u0131 bir atmosfer katar. \u00d6zellikle elleriniz doluyken veya rahat\u00e7a otururken b\u00fcy\u00fck kolayl\u0131k sa\u011flar. Sesli komutlarla ayd\u0131nlatmay\u0131 kontrol etmek hi\u00e7 bu kadar basit olmam\u0131\u015ft\u0131.<\/p>\n<h3>Her Ortama Uygun Pratik Kurulum<\/h3>\n<p data-pm-slice=\"1 1 []\">Dion Anahtarlar\u0131, mutfak, oturma odas\u0131, yatak odas\u0131 gibi farkl\u0131 alanlarda kullan\u0131labilir ve ofis gibi i\u015f yerlerinde son derece i\u015flevseldir. Hatta hastaneler ve ma\u011fazalar gibi ticari alanlar i\u00e7in de m\u00fckemmel bir se\u00e7imdir. Kurulumu olduk\u00e7a basittir, her ortama m\u00fckemmel uyum sa\u011flar. Yaln\u0131zca do\u011fru yerine monte edilmesi yeterlidir. Bu pratik kurulum, zamandan tasarruf sa\u011flar ve ya\u015fam alanlar\u0131n\u0131z\u0131 daha modern hale getirir.&#8221;<\/p>\n","protected":false},"excerpt":{"rendered":"<div class=\"toastui-editor-toolbar\">\n<div class=\"toastui-editor-defaultUI-toolbar\">\n<div class=\"toastui-editor-toolbar-group\">\n<p>\ud83c\udf10 <strong>Zigbee Teknolojisi:<\/strong> Zigbee Dion \u00dc\u00e7l\u00fc Anahtar, eski \u0131\u015f\u0131k anahtarlar\u0131n\u0131 modern hale getirerek ayd\u0131nlatma sistemlerini ak\u0131lland\u0131rman\u0131n etkili bir yoludur.<\/p>\n<p>\ud83d\udcf1 <strong>Uzaktan Kontrol:<\/strong> Evinizin d\u0131\u015f\u0131nda bile ayd\u0131nlatmay\u0131 kontrol edebilir, manuel kontrol kolayl\u0131\u011f\u0131n\u0131 kaybetmeden ak\u0131ll\u0131 deneyim ya\u015fayabilirsiniz.<\/p>\n<p>\ud83d\udee1\ufe0f <strong>G\u00fcvenlik ve Konfor:<\/strong> \u00c7ocuklar\u0131n\u0131z\u0131n gece korkusunu azaltmak i\u00e7in \u0131\u015f\u0131klar\u0131 a\u00e7\u0131k b\u0131rakabilir ve sonras\u0131nda telefonunuzdan kapatabilirsiniz.<\/p>\n<p>\ud83c\udf99\ufe0f <strong>Sesli Komutlar:<\/strong> Dion Anahtarlar\u0131, Alexa veya Google Asistan ile sesli komutlar kullanarak ayd\u0131nlatmay\u0131 kontrol etmeyi kolayla\u015ft\u0131r\u0131r.<\/p>\n<p>\ud83c\udfe0 <strong>Her Ortama Uygunluk:<\/strong> Dion Anahtarlar\u0131, ev ve i\u015f yerlerinde, hatta hastaneler ve ma\u011fazalar gibi ticari alanlarda kullan\u0131labilir.<\/p>\n<p>\ud83d\udd27 <strong>Pratik Kurulum:<\/strong> Kurulumu olduk\u00e7a basittir ve her ortama m\u00fckemmel uyum sa\u011flar, zamandan tasarruf sa\u011flar.<\/p>\n<p>\ud83d\udd52 <strong>Zaman Tasarrufu:<\/strong> Pratik kurulum sayesinde ya\u015fam alanlar\u0131n\u0131z\u0131 daha modern hale getirir.<\/p>\n<\/div>\n<\/div>\n<\/div>\n","protected":false},"featured_media":4088,"comment_status":"open","ping_status":"closed","template":"","meta":{"_acf_changed":false},"product_brand":[433],"product_cat":[115,129],"product_tag":[428,386],"class_list":{"0":"post-4081","1":"product","2":"type-product","3":"status-publish","4":"has-post-thumbnail","6":"product_brand-tiscontrol","7":"product_cat-interfaces","8":"product_cat-dion-series","9":"product_tag-tiscontrol","10":"product_tag-zigbee-3","12":"first","13":"outofstock","14":"taxable","15":"shipping-taxable","16":"product-type-variable","17":"add-to-wishlist-after_add_to_cart"},"acf":[],"_links":{"self":[{"href":"https:\/\/dealer.tiscontrol.com.tr\/fa\/wp-json\/wp\/v2\/product\/4081","targetHints":{"allow":["GET"]}}],"collection":[{"href":"https:\/\/dealer.tiscontrol.com.tr\/fa\/wp-json\/wp\/v2\/product"}],"about":[{"href":"https:\/\/dealer.tiscontrol.com.tr\/fa\/wp-json\/wp\/v2\/types\/product"}],"replies":[{"embeddable":true,"href":"https:\/\/dealer.tiscontrol.com.tr\/fa\/wp-json\/wp\/v2\/comments?post=4081"}],"wp:featuredmedia":[{"embeddable":true,"href":"https:\/\/dealer.tiscontrol.com.tr\/fa\/wp-json\/wp\/v2\/media\/4088"}],"wp:attachment":[{"href":"https:\/\/dealer.tiscontrol.com.tr\/fa\/wp-json\/wp\/v2\/media?parent=4081"}],"wp:term":[{"taxonomy":"product_brand","embeddable":true,"href":"https:\/\/dealer.tiscontrol.com.tr\/fa\/wp-json\/wp\/v2\/product_brand?post=4081"},{"taxonomy":"product_cat","embeddable":true,"href":"https:\/\/dealer.tiscontrol.com.tr\/fa\/wp-json\/wp\/v2\/product_cat?post=4081"},{"taxonomy":"product_tag","embeddable":true,"href":"https:\/\/dealer.tiscontrol.com.tr\/fa\/wp-json\/wp\/v2\/product_tag?post=4081"}],"curies":[{"name":"wp","href":"https:\/\/api.w.org\/{rel}","templated":true}]}}