{"id":4109,"date":"2025-03-01T15:55:13","date_gmt":"2025-03-01T15:55:13","guid":{"rendered":"https:\/\/dealer.tiscontrol.com.tr\/?post_type=product&#038;p=4109"},"modified":"2026-01-17T21:42:18","modified_gmt":"2026-01-17T18:42:18","slug":"zigbee-dion-panjur-anahtari","status":"publish","type":"product","link":"https:\/\/dealer.tiscontrol.com.tr\/fa\/product\/zigbee-dion-panjur-anahtari\/","title":{"rendered":"Zigbee Dion Panjur Anahtar\u0131"},"content":{"rendered":"<h2 data-pm-slice=\"1 1 []\">Zigbee Teknolojisi ile Ak\u0131ll\u0131 Kontrol<\/h2>\n<p data-pm-slice=\"1 1 []\">Zigbee Dion Panjur Anahtar\u0131, motorlu perdeleri ve panjur sistemlerini ak\u0131ll\u0131 yapmak i\u00e7in son derece pratik ve etkili bir \u00e7\u00f6z\u00fcm sunar. Zigbee teknolojisi sayesinde, eski \u0131\u015f\u0131k anahtarlar\u0131n\u0131z\u0131 kolayca modern hale getirebilirsiniz. Evde de\u011filken bile motorlu perdelerinizi ve panjurlar\u0131n\u0131z\u0131 y\u00f6netme f\u0131rsat\u0131n\u0131z olur. Bu \u00f6zellik, g\u00fcvenlik ve konforu y\u00fckselterek ya\u015fam kalitenizi art\u0131r\u0131r. \u00c7ocuklar\u0131n\u0131z geceleri mi korkuyor? I\u015f\u0131klar\u0131 a\u00e7\u0131k b\u0131rak\u0131n, sonras\u0131nda telefonunuzdan kapat\u0131n. B\u00f6ylece hem g\u00fcvenli hem de konforlu bir deneyim ya\u015fars\u0131n\u0131z.<\/p>\n<h3>Sesli Komutlarla Konforlu Kontrol<\/h3>\n<p data-pm-slice=\"1 1 []\">Dion Anahtarlar\u0131, sesli komutlarla motorlu perdelerinizi ve panjurlar\u0131n\u0131z\u0131 y\u00f6netmeyi kolayla\u015ft\u0131r\u0131r. Alexa veya Google Asistan\u0131n\u0131za oturma odas\u0131ndaki motorlu perdeleri ya da panjurlar\u0131 kapatmas\u0131n\u0131 s\u00f6yleyebilirsiniz. Bu \u00f6zellik, evinizin ambiyans\u0131n\u0131 an\u0131nda de\u011fi\u015ftirir. \u00d6zellikle elleriniz doluyken veya rahat\u00e7a dinlenirken b\u00fcy\u00fck bir kolayl\u0131k sa\u011flar. Sesli komutlarla motorlu perde ve panjurlar\u0131n kontrol\u00fc hi\u00e7 bu kadar basit olmam\u0131\u015ft\u0131.<\/p>\n<h3>Her Ortama Uygun Pratik Kurulum<\/h3>\n<p data-pm-slice=\"1 1 []\">Dion Anahtarlar\u0131, mutfak, oturma odas\u0131, yatak odas\u0131 gibi \u00e7e\u015fitli alanlarda kullan\u0131labilir ve ofis gibi i\u015f yerleri i\u00e7in olduk\u00e7a i\u015flevseldir. Hastaneler ve ma\u011fazalar gibi ticari alanlar i\u00e7in de harika bir se\u00e7imdir. Kurulumu olduk\u00e7a basit olmakla birlikte her ortama m\u00fckemmel uyum sa\u011flar. Sadece do\u011fru yere monte edilmesi yeterli olur. Bu basit kurulum y\u00f6ntemi zamandan tasarruf ettirir ve ya\u015fam alanlar\u0131n\u0131z\u0131 daha modern bir hale getirir.<\/p>\n","protected":false},"excerpt":{"rendered":"<div class=\"toastui-editor-toolbar\">\n<div class=\"toastui-editor-defaultUI-toolbar\">\n<div class=\"toastui-editor-toolbar-group\">\n<p><strong>\ud83c\udfe0 Zigbee Teknolojisi ile Ak\u0131ll\u0131 Kontrol<\/strong>: Zigbee Dion Panjur Anahtar\u0131, motorlu perdeleri ve panjur sistemlerini ak\u0131ll\u0131 hale getirerek pratik ve etkili bir \u00e7\u00f6z\u00fcm sunar.<\/p>\n<p><strong>\ud83d\udcf1 Uzaktan Y\u00f6netim<\/strong>: Zigbee teknolojisi sayesinde, evde de\u011filken bile motorlu perdelerinizi ve panjurlar\u0131n\u0131z\u0131 y\u00f6netebilirsiniz, bu da g\u00fcvenlik ve konforu art\u0131r\u0131r.<\/p>\n<p><strong>\ud83c\udf99\ufe0f Sesli Komut Deste\u011fi<\/strong>: Dion Anahtarlar\u0131, Alexa veya Google Asistan ile sesli komutlar kullanarak motorlu perdelerinizi ve panjurlar\u0131n\u0131z\u0131 kontrol etmenizi sa\u011flar.<\/p>\n<p><strong>\ud83d\udee0\ufe0f Kolay Kurulum<\/strong>: Dion Anahtarlar\u0131, mutfak, oturma odas\u0131, yatak odas\u0131 gibi \u00e7e\u015fitli alanlarda kolayca kurulabilir ve her ortama uyum sa\u011flar.<\/p>\n<p><strong>\ud83c\udfe2 Ticari Kullan\u0131m<\/strong>: Hastaneler, ma\u011fazalar ve ofisler gibi ticari alanlar i\u00e7in de uygun ve i\u015flevseldir.<\/p>\n<p><strong>\ud83c\udf1f Ya\u015fam Kalitesini Art\u0131rma<\/strong>: Bu teknoloji, ya\u015fam kalitesini art\u0131rarak g\u00fcvenli ve konforlu bir deneyim sunar.<\/p>\n<p><strong>\u23f1\ufe0f Zamandan Tasarruf<\/strong>: Basit kurulum y\u00f6ntemi sayesinde zamandan tasarruf sa\u011flar ve ya\u015fam alanlar\u0131n\u0131 modernle\u015ftirir.<\/p>\n<\/div>\n<\/div>\n<\/div>\n","protected":false},"featured_media":4118,"comment_status":"open","ping_status":"closed","template":"","meta":{"_acf_changed":false},"product_brand":[433],"product_cat":[115,129],"product_tag":[428,386],"class_list":{"0":"post-4109","1":"product","2":"type-product","3":"status-publish","4":"has-post-thumbnail","6":"product_brand-tiscontrol","7":"product_cat-interfaces","8":"product_cat-dion-series","9":"product_tag-tiscontrol","10":"product_tag-zigbee-3","12":"first","13":"outofstock","14":"taxable","15":"shipping-taxable","16":"product-type-variable","17":"add-to-wishlist-after_add_to_cart"},"acf":[],"_links":{"self":[{"href":"https:\/\/dealer.tiscontrol.com.tr\/fa\/wp-json\/wp\/v2\/product\/4109","targetHints":{"allow":["GET"]}}],"collection":[{"href":"https:\/\/dealer.tiscontrol.com.tr\/fa\/wp-json\/wp\/v2\/product"}],"about":[{"href":"https:\/\/dealer.tiscontrol.com.tr\/fa\/wp-json\/wp\/v2\/types\/product"}],"replies":[{"embeddable":true,"href":"https:\/\/dealer.tiscontrol.com.tr\/fa\/wp-json\/wp\/v2\/comments?post=4109"}],"wp:featuredmedia":[{"embeddable":true,"href":"https:\/\/dealer.tiscontrol.com.tr\/fa\/wp-json\/wp\/v2\/media\/4118"}],"wp:attachment":[{"href":"https:\/\/dealer.tiscontrol.com.tr\/fa\/wp-json\/wp\/v2\/media?parent=4109"}],"wp:term":[{"taxonomy":"product_brand","embeddable":true,"href":"https:\/\/dealer.tiscontrol.com.tr\/fa\/wp-json\/wp\/v2\/product_brand?post=4109"},{"taxonomy":"product_cat","embeddable":true,"href":"https:\/\/dealer.tiscontrol.com.tr\/fa\/wp-json\/wp\/v2\/product_cat?post=4109"},{"taxonomy":"product_tag","embeddable":true,"href":"https:\/\/dealer.tiscontrol.com.tr\/fa\/wp-json\/wp\/v2\/product_tag?post=4109"}],"curies":[{"name":"wp","href":"https:\/\/api.w.org\/{rel}","templated":true}]}}