{"id":4127,"date":"2025-03-01T16:36:01","date_gmt":"2025-03-01T16:36:01","guid":{"rendered":"https:\/\/dealer.tiscontrol.com.tr\/?post_type=product&#038;p=4127"},"modified":"2026-01-17T21:42:16","modified_gmt":"2026-01-17T18:42:16","slug":"zigbee-su-ve-gaz-vanasi","status":"publish","type":"product","link":"https:\/\/dealer.tiscontrol.com.tr\/fa\/product\/zigbee-su-ve-gaz-vanasi\/","title":{"rendered":"Zigbee Su ve Gaz Vanas\u0131"},"content":{"rendered":"<h2 data-pm-slice=\"1 1 []\">Ak\u0131ll\u0131 Evler \u0130\u00e7in M\u00fckemmel \u00c7\u00f6z\u00fcm<\/h2>\n<h3><strong>Kolay Kurulum ve Kullan\u0131m<\/strong><\/h3>\n<p data-pm-slice=\"1 1 []\">Zigbee Su ve Gaz Vanas\u0131, su ve gaz ak\u0131\u015f\u0131n\u0131 kontrol etmek i\u00e7in son derece pratik bir \u00e7\u00f6z\u00fcm sunuyor. Kolay kurulum \u00f6zelli\u011fi sayesinde, tesisat bilgisi gerekmeksizin vanay\u0131 h\u0131zl\u0131ca monte edebilirsiniz. Tek yapman\u0131z gereken vidalarla sabitlemek ve kullan\u0131ma ba\u015flamak. (Bu kadar basit!) Ak\u0131ll\u0131 vana, su ve gaz ak\u0131\u015f\u0131n\u0131 uzaktan kontrol etme f\u0131rsat\u0131 sunarak g\u00fcnl\u00fck ya\u015fam\u0131n\u0131z\u0131 daha rahat hale getirir.<\/p>\n<h3><strong>\u00c7ok Y\u00f6nl\u00fc Kullan\u0131m Alanlar\u0131<\/strong><\/h3>\n<p data-pm-slice=\"1 1 []\">Bu ak\u0131ll\u0131 cihaz, su vanalar\u0131n\u0131 motorize etmek, do\u011fal gaz kontrolleri yapmak, havuz doldurmak ve hatta \u00e7iftliklerde bitki sulamak gibi uygulamalarda kullan\u0131labilir. \u00dcstelik, <strong>Android ve iOS<\/strong> ile uyumlu oldu\u011fundan, su ve gaz ak\u0131\u015f\u0131n\u0131 her yerden kontrol etmeniz m\u00fcmk\u00fcn. Bah\u00e7enizi kolayca sulamak m\u0131 istiyorsunuz? Sadece vanay\u0131 a\u00e7\u0131n &amp; geri kalan i\u015flerinizle ilgilenin. \u00dcr\u00fcn, d\u0131\u015f mekanlarda, bah\u00e7ede veya \u00e7iftliklerde kullan\u0131m i\u00e7in idealdir.<\/p>\n<h3><strong>Dayan\u0131kl\u0131 ve \u00c7evre Dostu Tasar\u0131m<\/strong><\/h3>\n<p data-pm-slice=\"1 1 []\">Zigbee Su ve Gaz Vanas\u0131, sa\u011flam ve kaliteli malzemelerle \u00fcretilmi\u015ftir. Bu, uzun s\u00fcre g\u00fcvenli bir kullan\u0131m sa\u011flar. Ak\u0131ll\u0131 ev sistemleriyle de uyumlu olan vana, TIS hava durumu istasyonu gibi cihazlarla entegre edilebilir. Ya\u011fmurlu g\u00fcnlerde \u00e7al\u0131\u015fmayarak su israf\u0131ndan ka\u00e7\u0131n\u0131r ve \u00e7evre dostu bir \u00e7\u00f6z\u00fcm sunar. Ak\u015fam \u00e7ay partilerinde f\u0131skiyeyi a\u00e7arak ortam\u0131 daha da g\u00fczelle\u015ftirebilirsiniz.<\/p>\n","protected":false},"excerpt":{"rendered":"<div class=\"toastui-editor-toolbar\">\n<div class=\"toastui-editor-defaultUI-toolbar\">\n<div class=\"toastui-editor-toolbar-group\">\n<p>\ud83d\udeb0 <strong>Kolay Kurulum ve Kullan\u0131m:<\/strong> Zigbee Su ve Gaz Vanas\u0131, su ve gaz ak\u0131\u015f\u0131n\u0131 kontrol etmek i\u00e7in pratik bir \u00e7\u00f6z\u00fcm sunar. Kurulumu kolayd\u0131r ve tesisat bilgisi gerektirmez.<\/p>\n<p>\ud83d\udcf1 <strong>Uzaktan Kontrol \u0130mkan\u0131:<\/strong> Ak\u0131ll\u0131 vana, su ve gaz ak\u0131\u015f\u0131n\u0131 uzaktan kontrol etme f\u0131rsat\u0131 sunarak g\u00fcnl\u00fck ya\u015fam\u0131 kolayla\u015ft\u0131r\u0131r. Android ve iOS ile uyumludur.<\/p>\n<p>\ud83c\udf3f <strong>\u00c7ok Y\u00f6nl\u00fc Kullan\u0131m Alanlar\u0131:<\/strong> Su vanalar\u0131n\u0131 motorize etmek, do\u011fal gaz kontrolleri yapmak, havuz doldurmak ve bitki sulamak gibi \u00e7e\u015fitli uygulamalarda kullan\u0131labilir.<\/p>\n<p>\ud83c\udfe1 <strong>D\u0131\u015f Mekan Kullan\u0131m\u0131:<\/strong> \u00dcr\u00fcn, bah\u00e7ede, \u00e7iftliklerde ve d\u0131\u015f mekanlarda kullan\u0131m i\u00e7in idealdir.<\/p>\n<p>\ud83d\udd27 <strong>Dayan\u0131kl\u0131 ve \u00c7evre Dostu Tasar\u0131m:<\/strong> Sa\u011flam malzemelerle \u00fcretilmi\u015ftir ve uzun s\u00fcreli g\u00fcvenli kullan\u0131m sa\u011flar. \u00c7evre dostu bir \u00e7\u00f6z\u00fcm sunar.<\/p>\n<p>\ud83c\udf26\ufe0f <strong>Ak\u0131ll\u0131 Ev Sistemleriyle Uyum:<\/strong> TIS hava durumu istasyonu gibi cihazlarla entegre edilebilir ve ya\u011fmurlu g\u00fcnlerde \u00e7al\u0131\u015fmayarak su israf\u0131n\u0131 \u00f6nler.<\/p>\n<p>\ud83c\udf89 <strong>Estetik Katk\u0131:<\/strong> Ak\u015fam \u00e7ay partilerinde f\u0131skiyeyi a\u00e7arak ortam\u0131 g\u00fczelle\u015ftirebilirsiniz.<\/p>\n<\/div>\n<\/div>\n<\/div>\n","protected":false},"featured_media":4128,"comment_status":"open","ping_status":"closed","template":"","meta":{"_acf_changed":false},"product_brand":[433],"product_cat":[101,106],"product_tag":[428,251,386],"class_list":{"0":"post-4127","1":"product","2":"type-product","3":"status-publish","4":"has-post-thumbnail","6":"product_brand-tiscontrol","7":"product_cat-actuators","8":"product_cat-zigbee-actuators","9":"product_tag-tiscontrol","10":"product_tag-vana","11":"product_tag-zigbee-3","13":"first","14":"onbackorder","15":"taxable","16":"shipping-taxable","17":"product-type-simple","18":"add-to-wishlist-after_add_to_cart"},"acf":[],"_links":{"self":[{"href":"https:\/\/dealer.tiscontrol.com.tr\/fa\/wp-json\/wp\/v2\/product\/4127","targetHints":{"allow":["GET"]}}],"collection":[{"href":"https:\/\/dealer.tiscontrol.com.tr\/fa\/wp-json\/wp\/v2\/product"}],"about":[{"href":"https:\/\/dealer.tiscontrol.com.tr\/fa\/wp-json\/wp\/v2\/types\/product"}],"replies":[{"embeddable":true,"href":"https:\/\/dealer.tiscontrol.com.tr\/fa\/wp-json\/wp\/v2\/comments?post=4127"}],"wp:featuredmedia":[{"embeddable":true,"href":"https:\/\/dealer.tiscontrol.com.tr\/fa\/wp-json\/wp\/v2\/media\/4128"}],"wp:attachment":[{"href":"https:\/\/dealer.tiscontrol.com.tr\/fa\/wp-json\/wp\/v2\/media?parent=4127"}],"wp:term":[{"taxonomy":"product_brand","embeddable":true,"href":"https:\/\/dealer.tiscontrol.com.tr\/fa\/wp-json\/wp\/v2\/product_brand?post=4127"},{"taxonomy":"product_cat","embeddable":true,"href":"https:\/\/dealer.tiscontrol.com.tr\/fa\/wp-json\/wp\/v2\/product_cat?post=4127"},{"taxonomy":"product_tag","embeddable":true,"href":"https:\/\/dealer.tiscontrol.com.tr\/fa\/wp-json\/wp\/v2\/product_tag?post=4127"}],"curies":[{"name":"wp","href":"https:\/\/api.w.org\/{rel}","templated":true}]}}