{"id":4144,"date":"2025-03-01T17:15:29","date_gmt":"2025-03-01T17:15:29","guid":{"rendered":"https:\/\/dealer.tiscontrol.com.tr\/?post_type=product&#038;p=4144"},"modified":"2026-01-17T21:41:59","modified_gmt":"2026-01-17T18:41:59","slug":"zigbee-venera-ikili-anahtar","status":"publish","type":"product","link":"https:\/\/dealer.tiscontrol.com.tr\/fa\/product\/zigbee-venera-ikili-anahtar\/","title":{"rendered":"Zigbee Venera \u0130kili Anahtar"},"content":{"rendered":"<h2 data-pm-slice=\"1 1 []\">Ak\u0131ll\u0131 Ev Deneyiminizi Yeniden Tan\u0131mlay\u0131n<\/h2>\n<p data-pm-slice=\"1 1 []\">Zigbee Venera \u0130kili Anahtar, evinizi daha ak\u0131ll\u0131 hale getirmenin belki de en kolay ve en iyi yollar\u0131ndan biri, belki de en iyisi. Bu k\u00fc\u00e7\u00fck ama g\u00fc\u00e7l\u00fc anahtar sayesinde, Zigbee teknolojisi ile \u0131\u015f\u0131klar\u0131, perdeleri ve panjurlar\u0131 kontrol etmek inan\u0131lmaz kolay. Eviniz sanki sizinle konu\u015fan bir Dost gibi, t\u00fcm ihtiya\u00e7lar\u0131n\u0131za hemen cevap verir. Bu anahtarla her oday\u0131 istedi\u011finiz \u015fekilde ayd\u0131nlatabilir ve enerji tasarrufunun tad\u0131n\u0131 \u00e7\u0131karabilirsiniz.<\/p>\n<h3>Kolay Kullan\u0131m ve Enerji Tasarrufu<\/h3>\n<p data-pm-slice=\"1 1 []\">Venera \u0130kili Anahtar, eski tip anahtarlar\u0131n yerine kolayca ge\u00e7er. Zigbee hub&#8217;\u0131n\u0131za \u00d6yle kolay entegre olur ki! B\u00f6ylece evde olmad\u0131\u011f\u0131n\u0131zda bile \u0131\u015f\u0131klar\u0131 kontrol edebilirsiniz. Bu da enerji tasarrufunu beraberinde getirir. \u00d6zellikle b\u00fcy\u00fck bir aile toplant\u0131s\u0131nda ya da \u00e7ocuklar ve evcil hayvanlarla me\u015fgulseniz, tasarruf hi\u00e7 bu kadar basit olmam\u0131\u015ft\u0131. Cep telefonunuzu kullanarak gereksiz yanan \u0131\u015f\u0131klar\u0131 kapat\u0131n ve rahat\u0131n\u0131za bak\u0131n.<\/p>\n<h3>Zamanlay\u0131c\u0131 ile Rahatl\u0131k<\/h3>\n<p data-pm-slice=\"1 1 []\">Venera&#8217;n\u0131n zamanlay\u0131c\u0131 \u00f6zelli\u011fi i\u015fleri \u00e7ok daha basit hale getirir. Yatmadan \u00f6nce bah\u00e7e \u0131\u015f\u0131klar\u0131n\u0131 kapatmay\u0131 unuttunuz mu? Endi\u015felenmeyin, \u00f6nceden ayarlad\u0131\u011f\u0131n\u0131z zamanlay\u0131c\u0131 devreye girer. Yoga yaparken farkl\u0131 bir ortam m\u0131 yaratmak istiyorsunuz? I\u015f\u0131klar\u0131 ayarlay\u0131n, m\u00fczi\u011fi a\u00e7\u0131n ve huzur dolu bir ortam olu\u015fturun. Venera, siz kendi anlar\u0131n\u0131z\u0131n tad\u0131n\u0131 \u00e7\u0131kar\u0131rken ve ailenizle harika anlar ge\u00e7irirken hep yan\u0131n\u0131zda.<\/p>\n<h3>Estetik ve \u0130\u015flevsellik<\/h3>\n<p data-pm-slice=\"1 1 []\">Zigbee Venera \u0130kili Anahtar, \u015f\u0131k tasar\u0131m\u0131 ve arka ayd\u0131nlatmal\u0131 LED ikonlar\u0131yla evinize \u00f6zel bir Zarafet katar. Herhangi bir duvara kolayca monte edilebilir ve Zigbee stilindeki evinize kalite katar. Venera, gelecekte yeni f\u0131rsatlar sunacak geli\u015fmi\u015f \u00f6zellikleriyle. Bug\u00fcn kurulumunuzu yap\u0131n ve ak\u0131ll\u0131 ev maceran\u0131za hemen ba\u015flay\u0131n!<\/p>\n<h3><\/h3>\n","protected":false},"excerpt":{"rendered":"<div class=\"toastui-editor-toolbar\">\n<div class=\"toastui-editor-defaultUI-toolbar\">\n<div class=\"toastui-editor-toolbar-group\">\n<p>\ud83c\udfe0 Zigbee Venera \u0130kili Anahtar, evinizi daha ak\u0131ll\u0131 hale getirmenin en iyi yollar\u0131ndan biridir.<\/p>\n<p>\ud83d\udca1 Zigbee teknolojisi sayesinde \u0131\u015f\u0131klar\u0131, perdeleri ve panjurlar\u0131 kolayca kontrol edebilirsiniz.<\/p>\n<p>\ud83d\udd04 Venera \u0130kili Anahtar, eski tip anahtarlar\u0131n yerine kolayca monte edilebilir ve Zigbee hub&#8217;\u0131n\u0131za entegre olur.<\/p>\n<p>\u23f0 Zamanlay\u0131c\u0131 \u00f6zelli\u011fi ile \u0131\u015f\u0131klar\u0131 \u00f6nceden ayarlayarak enerji tasarrufu sa\u011flayabilirsiniz.<\/p>\n<p>\u2728 \u015e\u0131k tasar\u0131m\u0131 ve arka ayd\u0131nlatmal\u0131 LED ikonlar\u0131yla estetik bir g\u00f6r\u00fcn\u00fcm sunar.<\/p>\n<p>\ud83d\udcf1 Cep telefonunuzla uzaktan kontrol edebilir, gereksiz yanan \u0131\u015f\u0131klar\u0131 kapatabilirsiniz.<\/p>\n<p>\ud83d\ude80 Venera, gelecekte yeni f\u0131rsatlar sunacak geli\u015fmi\u015f \u00f6zelliklere sahiptir.<\/p>\n<\/div>\n<\/div>\n<\/div>\n","protected":false},"featured_media":4151,"comment_status":"open","ping_status":"closed","template":"","meta":{"_acf_changed":false},"product_brand":[433],"product_cat":[115,128],"product_tag":[277,428,386],"class_list":{"0":"post-4144","1":"product","2":"type-product","3":"status-publish","4":"has-post-thumbnail","6":"product_brand-tiscontrol","7":"product_cat-interfaces","8":"product_cat-venera-bee","9":"product_tag-dokunmatik-anahtar","10":"product_tag-tiscontrol","11":"product_tag-zigbee-3","13":"first","14":"onbackorder","15":"taxable","16":"shipping-taxable","17":"product-type-variable","18":"add-to-wishlist-after_add_to_cart"},"acf":[],"_links":{"self":[{"href":"https:\/\/dealer.tiscontrol.com.tr\/fa\/wp-json\/wp\/v2\/product\/4144","targetHints":{"allow":["GET"]}}],"collection":[{"href":"https:\/\/dealer.tiscontrol.com.tr\/fa\/wp-json\/wp\/v2\/product"}],"about":[{"href":"https:\/\/dealer.tiscontrol.com.tr\/fa\/wp-json\/wp\/v2\/types\/product"}],"replies":[{"embeddable":true,"href":"https:\/\/dealer.tiscontrol.com.tr\/fa\/wp-json\/wp\/v2\/comments?post=4144"}],"wp:featuredmedia":[{"embeddable":true,"href":"https:\/\/dealer.tiscontrol.com.tr\/fa\/wp-json\/wp\/v2\/media\/4151"}],"wp:attachment":[{"href":"https:\/\/dealer.tiscontrol.com.tr\/fa\/wp-json\/wp\/v2\/media?parent=4144"}],"wp:term":[{"taxonomy":"product_brand","embeddable":true,"href":"https:\/\/dealer.tiscontrol.com.tr\/fa\/wp-json\/wp\/v2\/product_brand?post=4144"},{"taxonomy":"product_cat","embeddable":true,"href":"https:\/\/dealer.tiscontrol.com.tr\/fa\/wp-json\/wp\/v2\/product_cat?post=4144"},{"taxonomy":"product_tag","embeddable":true,"href":"https:\/\/dealer.tiscontrol.com.tr\/fa\/wp-json\/wp\/v2\/product_tag?post=4144"}],"curies":[{"name":"wp","href":"https:\/\/api.w.org\/{rel}","templated":true}]}}