{"id":4176,"date":"2025-03-02T11:30:07","date_gmt":"2025-03-02T11:30:07","guid":{"rendered":"https:\/\/dealer.tiscontrol.com.tr\/?post_type=product&#038;p=4176"},"modified":"2026-01-17T21:41:58","modified_gmt":"2026-01-17T18:41:58","slug":"tis-zigbee-akilli-motorlu-perde","status":"publish","type":"product","link":"https:\/\/dealer.tiscontrol.com.tr\/fa\/product\/tis-zigbee-akilli-motorlu-perde\/","title":{"rendered":"TIS Zigbee Ak\u0131ll\u0131 Motorlu Perde"},"content":{"rendered":"<h2 data-pm-slice=\"1 3 []\">Kolay ve Esnek Kullan\u0131m<\/h2>\n<p data-pm-slice=\"1 1 []\">TIS Zigbee Ak\u0131ll\u0131 Motorlu Perde, evinizdeki konforu art\u0131r\u0131yor. 220v AC ya da ak\u00fc ile \u00e7al\u0131\u015fabilen bu sistem, elektrik kesilse bile perdeleri kullanman\u0131z\u0131 sa\u011fl\u0131yor. Elektrik olmayan alanlarda, BTR-DN-50W-11V ak\u00fcy\u00fc kullanarak, her durumda kontrol elinizde. Bu esneklik, evin her k\u00f6\u015fesinde kullan\u0131m kolayl\u0131\u011f\u0131 verir.<\/p>\n<h3>Ak\u0131ll\u0131 Ev Entegrasyonu<\/h3>\n<p data-pm-slice=\"1 1 []\">Zigbee 3.0 protokol\u00fcn\u00fc destekleyen bu ak\u0131ll\u0131 motorlu perde, TIS zigbee hub cihaz\u0131na ba\u011fland\u0131\u011f\u0131nda, TIS uygulamas\u0131 veya dokunmatik ekran ve panellerle kontrol edilebilir. Perdelerinizi uzaktan a\u00e7\u0131p kapatabilir, g\u00fcn \u0131\u015f\u0131\u011f\u0131n\u0131 diledi\u011finiz gibi ayarlayabilirsiniz. Ak\u0131ll\u0131 ev sistemiyle tam uyumlu (\u00e7al\u0131\u015farak) ya\u015fam alan\u0131n\u0131z daha da modern &amp; i\u015flevsel hale gelir.<\/p>\n<h3>Enerji Tasarrufu ve G\u00fcvenlik<\/h3>\n<p data-pm-slice=\"1 1 []\">TIS Zigbee Ak\u0131ll\u0131 Motorlu Perde, enerji tasarrufu sa\u011flar ve g\u00fcvenli\u011fi art\u0131r\u0131r. Perdelerinizi otomatik olarak programlayarak, g\u00fcn\u00fcn belli saatlerinde a\u00e7\u0131l\u0131p kapanmas\u0131n\u0131 sa\u011flayabilirsiniz. Bu \u00f6zellik, hem enerji tasarrufuna katk\u0131da bulunur hem de evde olmad\u0131\u011f\u0131n\u0131zda evin dolu gibi g\u00f6z\u00fckmesini sa\u011flar.<\/p>\n","protected":false},"excerpt":{"rendered":"<p>\ud83d\udd0b TIS Zigbee Ak\u0131ll\u0131 Motorlu Perde, 220v AC veya ak\u00fc ile \u00e7al\u0131\u015farak elektrik kesintilerinde bile kullan\u0131labilir.<\/p>\n<p>\u26a1 BTR-DN-50W-11V ak\u00fc sayesinde elektrik olmayan alanlarda da kontrol sa\u011flanabilir.<\/p>\n<p>\ud83d\udcf1 Zigbee 3.0 protokol\u00fc ile TIS zigbee hub cihaz\u0131na ba\u011flanarak, TIS uygulamas\u0131 veya dokunmatik ekran ve panellerle kontrol edilebilir.<\/p>\n<p>\ud83c\udf1e Perdeler uzaktan a\u00e7\u0131l\u0131p kapat\u0131labilir ve g\u00fcn \u0131\u015f\u0131\u011f\u0131 istenilen \u015fekilde ayarlanabilir.<\/p>\n<p>\ud83c\udfe0 Ak\u0131ll\u0131 ev sistemleriyle tam uyumlu \u00e7al\u0131\u015farak ya\u015fam alanlar\u0131n\u0131 daha modern ve i\u015flevsel hale getirir.<\/p>\n<p>\ud83d\udca1 Enerji tasarrufu sa\u011flamak i\u00e7in perdeler otomatik olarak programlanabilir.<\/p>\n<p>\ud83d\udd12 Otomatik programlama, evde olmad\u0131\u011f\u0131n\u0131zda evin dolu gibi g\u00f6z\u00fckmesini sa\u011flayarak g\u00fcvenli\u011fi art\u0131r\u0131r.<\/p>\n","protected":false},"featured_media":4178,"comment_status":"open","ping_status":"closed","template":"","meta":{"_acf_changed":false},"product_brand":[433],"product_cat":[101,109,106],"product_tag":[339,338,428,386],"class_list":{"0":"post-4176","1":"product","2":"type-product","3":"status-publish","4":"has-post-thumbnail","6":"product_brand-tiscontrol","7":"product_cat-actuators","8":"product_cat-motors","9":"product_cat-zigbee-actuators","10":"product_tag-akilli-ev-motorlu-perde","11":"product_tag-motorlu-perde","12":"product_tag-tiscontrol","13":"product_tag-zigbee-3","15":"first","16":"onbackorder","17":"taxable","18":"shipping-taxable","19":"product-type-simple","20":"add-to-wishlist-after_add_to_cart"},"acf":[],"_links":{"self":[{"href":"https:\/\/dealer.tiscontrol.com.tr\/fa\/wp-json\/wp\/v2\/product\/4176","targetHints":{"allow":["GET"]}}],"collection":[{"href":"https:\/\/dealer.tiscontrol.com.tr\/fa\/wp-json\/wp\/v2\/product"}],"about":[{"href":"https:\/\/dealer.tiscontrol.com.tr\/fa\/wp-json\/wp\/v2\/types\/product"}],"replies":[{"embeddable":true,"href":"https:\/\/dealer.tiscontrol.com.tr\/fa\/wp-json\/wp\/v2\/comments?post=4176"}],"wp:featuredmedia":[{"embeddable":true,"href":"https:\/\/dealer.tiscontrol.com.tr\/fa\/wp-json\/wp\/v2\/media\/4178"}],"wp:attachment":[{"href":"https:\/\/dealer.tiscontrol.com.tr\/fa\/wp-json\/wp\/v2\/media?parent=4176"}],"wp:term":[{"taxonomy":"product_brand","embeddable":true,"href":"https:\/\/dealer.tiscontrol.com.tr\/fa\/wp-json\/wp\/v2\/product_brand?post=4176"},{"taxonomy":"product_cat","embeddable":true,"href":"https:\/\/dealer.tiscontrol.com.tr\/fa\/wp-json\/wp\/v2\/product_cat?post=4176"},{"taxonomy":"product_tag","embeddable":true,"href":"https:\/\/dealer.tiscontrol.com.tr\/fa\/wp-json\/wp\/v2\/product_tag?post=4176"}],"curies":[{"name":"wp","href":"https:\/\/api.w.org\/{rel}","templated":true}]}}