{"id":4179,"date":"2025-03-02T11:44:14","date_gmt":"2025-03-02T11:44:14","guid":{"rendered":"https:\/\/dealer.tiscontrol.com.tr\/?post_type=product&#038;p=4179"},"modified":"2026-01-17T21:41:58","modified_gmt":"2026-01-17T18:41:58","slug":"tis-zigbee-akilli-motorlu-perde-icin-aku","status":"publish","type":"product","link":"https:\/\/dealer.tiscontrol.com.tr\/fa\/product\/tis-zigbee-akilli-motorlu-perde-icin-aku\/","title":{"rendered":"TIS Zigbee Ak\u0131ll\u0131 Motorlu Perde i\u00e7in Ak\u00fc"},"content":{"rendered":"<h2 data-pm-slice=\"1 3 []\">Kesintisiz Konfor: Elektrik Olmasa Bile<\/h2>\n<p data-pm-slice=\"1 1 []\">TIS Zigbee Ak\u0131ll\u0131 Motorlu Perde i\u00e7in ak\u00fc, elektrik olmasa bile perdelerin \u00e7al\u0131\u015fmas\u0131n\u0131 sa\u011flar. Bu ak\u00fc sayesinde, evinizdeki konfor ve mahremiyeti hep koruyabilirsiniz. Elektrik Kesintileri s\u0131ras\u0131nda bile perdeleri a\u00e7\u0131p kapatabileceksiniz, b\u00f6ylece ya\u015fam alan\u0131n\u0131zda kesintisiz konfor ya\u015fan\u0131r. Elektrik kesintileri gibi beklenmedik \u015feylerde, bu ak\u00fc ile perde kontrol\u00fc tamamen sizde.<\/p>\n<h2>Kolay Kurulum ve Kullan\u0131m<\/h2>\n<p data-pm-slice=\"1 1 []\">Bu ak\u00fc, TIS Zigbee ak\u0131ll\u0131 motorlu perdelerle \u00e7al\u0131\u015fs\u0131n diye tasarlanm\u0131\u015ft\u0131r ve kurulumu \u00e7ok basittir. Kablo karma\u015fas\u0131 olmadan, h\u0131zl\u0131 ve kolay kurulum! Kullan\u0131c\u0131 dostu bir tasar\u0131m sunuyor, teknik bilginiz bile olmadan kolayca kullan\u0131labilir. Pratik kullan\u0131m ile h\u0131zl\u0131 kurulum \u00f6zellikleri bir araya gelir &amp; bu ak\u00fc evinizin vazge\u00e7ilmez bir par\u00e7as\u0131 olur.<\/p>\n<h2>Uzun \u00d6m\u00fcrl\u00fc ve G\u00fcvenilir Performans<\/h2>\n<p data-pm-slice=\"1 1 []\">TIS Zigbee Ak\u0131ll\u0131 Motorlu Perde i\u00e7in ak\u00fc, uzun \u00f6m\u00fcrl\u00fc ve g\u00fcvenilir bir performans sa\u011flar. Y\u00fcksek kaliteli malzemelerden yap\u0131lm\u0131\u015f bu ak\u00fc, beklentilerinizi kar\u015f\u0131lar dayan\u0131kl\u0131l\u0131k ve g\u00fcvenilirlik a\u00e7\u0131s\u0131ndan. Uzun s\u00fcreli kullan\u0131mlarda bile performans\u0131nda kay\u0131p olmaz, B\u00f6ylece perdeler hep sorunsuz \u00e7al\u0131\u015f\u0131r.<\/p>\n","protected":false},"excerpt":{"rendered":"<p>\ud83d\udd0b TIS Zigbee Ak\u0131ll\u0131 Motorlu Perde i\u00e7in ak\u00fc, elektrik kesintileri s\u0131ras\u0131nda bile perdelerin \u00e7al\u0131\u015fmas\u0131n\u0131 sa\u011flar.<\/p>\n<p>\ud83c\udfe1 Bu ak\u00fc, evdeki konfor ve mahremiyeti koruyarak kesintisiz bir ya\u015fam alan\u0131 sunar.<\/p>\n<p>\ud83d\udd27 Kurulumu olduk\u00e7a basit olup, kablo karma\u015fas\u0131 olmadan h\u0131zl\u0131 ve kolay bir \u015fekilde yap\u0131labilir.<\/p>\n<p>\ud83d\udc65 Kullan\u0131c\u0131 dostu tasar\u0131m\u0131 sayesinde teknik bilgi gerektirmeden kolayca kullan\u0131labilir.<\/p>\n<p>\ud83d\udee0\ufe0f Y\u00fcksek kaliteli malzemelerden \u00fcretilmi\u015f olan ak\u00fc, uzun \u00f6m\u00fcrl\u00fc ve g\u00fcvenilir bir performans sunar.<\/p>\n<p>\u23f3 Uzun s\u00fcreli kullan\u0131mlarda bile performans kayb\u0131 ya\u015famadan dayan\u0131kl\u0131l\u0131\u011f\u0131n\u0131 korur.<\/p>\n<p>\ud83c\udfe0 TIS Zigbee ak\u00fc, evin vazge\u00e7ilmez bir par\u00e7as\u0131 haline gelir.<\/p>\n","protected":false},"featured_media":4183,"comment_status":"open","ping_status":"closed","template":"","meta":{"_acf_changed":false},"product_brand":[433],"product_cat":[160,106],"product_tag":[339,338,428,386],"class_list":{"0":"post-4179","1":"product","2":"type-product","3":"status-publish","4":"has-post-thumbnail","6":"product_brand-tiscontrol","7":"product_cat-accessories","8":"product_cat-zigbee-actuators","9":"product_tag-akilli-ev-motorlu-perde","10":"product_tag-motorlu-perde","11":"product_tag-tiscontrol","12":"product_tag-zigbee-3","14":"first","15":"onbackorder","16":"taxable","17":"shipping-taxable","18":"product-type-simple","19":"add-to-wishlist-after_add_to_cart"},"acf":[],"_links":{"self":[{"href":"https:\/\/dealer.tiscontrol.com.tr\/fa\/wp-json\/wp\/v2\/product\/4179","targetHints":{"allow":["GET"]}}],"collection":[{"href":"https:\/\/dealer.tiscontrol.com.tr\/fa\/wp-json\/wp\/v2\/product"}],"about":[{"href":"https:\/\/dealer.tiscontrol.com.tr\/fa\/wp-json\/wp\/v2\/types\/product"}],"replies":[{"embeddable":true,"href":"https:\/\/dealer.tiscontrol.com.tr\/fa\/wp-json\/wp\/v2\/comments?post=4179"}],"wp:featuredmedia":[{"embeddable":true,"href":"https:\/\/dealer.tiscontrol.com.tr\/fa\/wp-json\/wp\/v2\/media\/4183"}],"wp:attachment":[{"href":"https:\/\/dealer.tiscontrol.com.tr\/fa\/wp-json\/wp\/v2\/media?parent=4179"}],"wp:term":[{"taxonomy":"product_brand","embeddable":true,"href":"https:\/\/dealer.tiscontrol.com.tr\/fa\/wp-json\/wp\/v2\/product_brand?post=4179"},{"taxonomy":"product_cat","embeddable":true,"href":"https:\/\/dealer.tiscontrol.com.tr\/fa\/wp-json\/wp\/v2\/product_cat?post=4179"},{"taxonomy":"product_tag","embeddable":true,"href":"https:\/\/dealer.tiscontrol.com.tr\/fa\/wp-json\/wp\/v2\/product_tag?post=4179"}],"curies":[{"name":"wp","href":"https:\/\/api.w.org\/{rel}","templated":true}]}}