{"id":4220,"date":"2025-03-02T15:28:02","date_gmt":"2025-03-02T15:28:02","guid":{"rendered":"https:\/\/dealer.tiscontrol.com.tr\/?post_type=product&#038;p=4220"},"modified":"2026-01-17T20:39:06","modified_gmt":"2026-01-17T17:39:06","slug":"wifi-venera-air-dokunmatik-termostat","status":"publish","type":"product","link":"https:\/\/dealer.tiscontrol.com.tr\/fa\/product\/wifi-venera-air-dokunmatik-termostat\/","title":{"rendered":"WiFi Venera Air Dokunmatik Termostat"},"content":{"rendered":"<h2 data-pm-slice=\"1 1 []\"><strong>Evinizde Ayd\u0131nlatman\u0131n Kontrol\u00fcn\u00fc Ele Al\u0131n<\/strong><\/h2>\n<h3><strong>Dokunmatik Teknoloji ile Modern Tasar\u0131m<\/strong><\/h3>\n<p data-pm-slice=\"1 1 []\">Venera Air Led Dimmer Dokunmatik Anahtar, evinizdeki \u0131\u015f\u0131klar\u0131 kontrol etmenin \u015f\u0131k ve modern yolunu sunar. \u00dc\u00e7 zarif dokunmatik d\u00fc\u011fme var, kullanmak \u00e7ok kolay. I\u015f\u0131k seviyelerini ayarlay\u0131n, atmosferi hayal etti\u011finiz gibi yarat\u0131n. \u0130ster romantik bir ak\u015fam yeme\u011fi, ister rahatlat\u0131c\u0131 bir film gecesi olsun. Her an\u0131 \u00f6zel k\u0131lmak sizin elinizde Venera Dimmer ile.<\/p>\n<h3><strong>Ak\u0131ll\u0131 Ev Entegrasyonu ve Kolay Kurulum<\/strong><\/h3>\n<p data-pm-slice=\"1 1 []\">Venera Dimmer, 2.4 Hz WiFi mod\u00fcl\u00fc sayesinde evinize s\u0131n\u0131rs\u0131z ba\u011flant\u0131 sunuyor. I\u015f\u0131klar\u0131 mobil uygulamadan kontrol edin (\u00e7ok basit). Zamanlay\u0131c\u0131 ayarlay\u0131n, \u0131\u015f\u0131klar\u0131 otomatik hale getirin. Eski anahtar\u0131 \u00e7\u0131kart\u0131n ve Venera Dimmer&#8217;\u0131 tak\u0131n. Ger\u00e7ekten birka\u00e7 dakika s\u00fcrer.<\/p>\n<h3><strong>Enerji Tasarrufu ve Ki\u015fiselle\u015ftirme Se\u00e7enekleri<\/strong><\/h3>\n<p data-pm-slice=\"1 1 []\">Venera Air Led Dimmer Dokunmatik Anahtar, evinizdeki \u0131\u015f\u0131klar\u0131 kontrol etmenin \u015f\u0131k ve modern yolunu sunar. \u00dc\u00e7 zarif dokunmatik d\u00fc\u011fme var, kullanmak \u00e7ok kolay. I\u015f\u0131k seviyelerini ayarlay\u0131n, atmosferi hayal etti\u011finiz gibi yarat\u0131n. \u0130ster romantik bir ak\u015fam yeme\u011fi, ister rahatlat\u0131c\u0131 bir film gecesi olsun. Her an\u0131 \u00f6zel k\u0131lmak sizin elinizde Venera Dimmer ile.<\/p>\n","protected":false},"excerpt":{"rendered":"<div class=\"toastui-editor-toolbar\">\n<div class=\"toastui-editor-defaultUI-toolbar\">\n<div class=\"toastui-editor-toolbar-group\">\n<p><strong>\ud83c\udf1f Dokunmatik Teknoloji ve Modern Tasar\u0131m<\/strong>: Venera Air Led Dimmer Dokunmatik Anahtar, evdeki \u0131\u015f\u0131klar\u0131 kontrol etmek i\u00e7in \u015f\u0131k ve modern bir \u00e7\u00f6z\u00fcm sunar. \u00dc\u00e7 dokunmatik d\u00fc\u011fmesi ile kullan\u0131m\u0131 kolayd\u0131r.<\/p>\n<p><strong>\ud83c\udfa8 Atmosfer Ayarlama<\/strong>: I\u015f\u0131k seviyelerini ayarlayarak, romantik bir ak\u015fam yeme\u011fi veya rahatlat\u0131c\u0131 bir film gecesi gibi farkl\u0131 atmosferler yaratabilirsiniz.<\/p>\n<p><strong>\ud83d\udcf1 Ak\u0131ll\u0131 Ev Entegrasyonu<\/strong>: 2.4 Hz WiFi mod\u00fcl\u00fc ile Venera Dimmer, evinize s\u0131n\u0131rs\u0131z ba\u011flant\u0131 imkan\u0131 sunar. Mobil uygulama \u00fczerinden \u0131\u015f\u0131klar\u0131 kontrol edebilir ve zamanlay\u0131c\u0131 ayarlayabilirsiniz.<\/p>\n<p><strong>\ud83d\udee0\ufe0f Kolay Kurulum<\/strong>: Eski anahtar\u0131 \u00e7\u0131kar\u0131p Venera Dimmer&#8217;\u0131 takmak sadece birka\u00e7 dakika s\u00fcrer, bu da kurulumu olduk\u00e7a basit hale getirir.<\/p>\n<p><strong>\ud83d\udca1 Enerji Tasarrufu<\/strong>: Enerji \u00f6l\u00e7er \u00f6zelli\u011fi sayesinde enerji t\u00fcketiminizi takip edebilir ve tasarruf edebilirsiniz.<\/p>\n<p><strong>\ud83c\udfa8 Ki\u015fiselle\u015ftirme Se\u00e7enekleri<\/strong>: 256 renk se\u00e7ene\u011fi ile buton rengini ki\u015fiselle\u015ftirebilir, ev dekorasyonunuza uyum sa\u011flayabilirsiniz.<\/p>\n<p><strong>\u26ab\u26aa Renk ve Tasar\u0131m Se\u00e7enekleri<\/strong>: Siyah veya beyaz renk se\u00e7enekleri ile her i\u00e7 mekana uyum sa\u011flar.<\/p>\n<\/div>\n<\/div>\n<\/div>\n","protected":false},"featured_media":4208,"comment_status":"open","ping_status":"closed","template":"","meta":{"_acf_changed":false},"product_brand":[433],"product_cat":[115,127],"product_tag":[298,428,393],"class_list":{"0":"post-4220","1":"product","2":"type-product","3":"status-publish","4":"has-post-thumbnail","6":"product_brand-tiscontrol","7":"product_cat-interfaces","8":"product_cat-venera-air","9":"product_tag-dokunmatik-termostat","10":"product_tag-tiscontrol","11":"product_tag-wifi","13":"first","14":"onbackorder","15":"taxable","16":"shipping-taxable","17":"product-type-variable","18":"add-to-wishlist-after_add_to_cart"},"acf":[],"_links":{"self":[{"href":"https:\/\/dealer.tiscontrol.com.tr\/fa\/wp-json\/wp\/v2\/product\/4220","targetHints":{"allow":["GET"]}}],"collection":[{"href":"https:\/\/dealer.tiscontrol.com.tr\/fa\/wp-json\/wp\/v2\/product"}],"about":[{"href":"https:\/\/dealer.tiscontrol.com.tr\/fa\/wp-json\/wp\/v2\/types\/product"}],"replies":[{"embeddable":true,"href":"https:\/\/dealer.tiscontrol.com.tr\/fa\/wp-json\/wp\/v2\/comments?post=4220"}],"wp:featuredmedia":[{"embeddable":true,"href":"https:\/\/dealer.tiscontrol.com.tr\/fa\/wp-json\/wp\/v2\/media\/4208"}],"wp:attachment":[{"href":"https:\/\/dealer.tiscontrol.com.tr\/fa\/wp-json\/wp\/v2\/media?parent=4220"}],"wp:term":[{"taxonomy":"product_brand","embeddable":true,"href":"https:\/\/dealer.tiscontrol.com.tr\/fa\/wp-json\/wp\/v2\/product_brand?post=4220"},{"taxonomy":"product_cat","embeddable":true,"href":"https:\/\/dealer.tiscontrol.com.tr\/fa\/wp-json\/wp\/v2\/product_cat?post=4220"},{"taxonomy":"product_tag","embeddable":true,"href":"https:\/\/dealer.tiscontrol.com.tr\/fa\/wp-json\/wp\/v2\/product_tag?post=4220"}],"curies":[{"name":"wp","href":"https:\/\/api.w.org\/{rel}","templated":true}]}}