{"id":4240,"date":"2025-03-02T16:00:20","date_gmt":"2025-03-02T16:00:20","guid":{"rendered":"https:\/\/dealer.tiscontrol.com.tr\/?post_type=product&#038;p=4240"},"modified":"2026-01-17T20:39:05","modified_gmt":"2026-01-17T17:39:05","slug":"wifi-ads-uclu-role-modulu","status":"publish","type":"product","link":"https:\/\/dealer.tiscontrol.com.tr\/fa\/product\/wifi-ads-uclu-role-modulu\/","title":{"rendered":"WiFi ADS \u00dc\u00e7l\u00fc R\u00f6le Mod\u00fcl\u00fc"},"content":{"rendered":"<h2 data-pm-slice=\"1 1 []\">\u00dc\u00e7l\u00fc R\u00f6le Mod\u00fcl\u00fc ile Ak\u0131ll\u0131 Ev Deneyimi<\/h2>\n<h3><strong>Geli\u015fmi\u015f Ba\u011flant\u0131 ve Uyum<\/strong><\/h3>\n<p data-pm-slice=\"1 1 []\">WiFi ADS \u00dc\u00e7l\u00fc R\u00f6le Mod\u00fcl\u00fc, TIS \u00e7\u00f6z\u00fcmleri ile birlikte \u00e7al\u0131\u015farak ak\u0131ll\u0131 ev deneyiminizi yukar\u0131 ta\u015f\u0131r. Bu mod\u00fcl, evdeki ayd\u0131nlatma ile perde sistemlerini uzaktan kontrol edebilmenizi sa\u011flar. Wi-Fi ile, evinizde her k\u00f6\u015feye kolayca eri\u015firsiniz. (Bu da Evinizi daha ak\u0131ll\u0131 ve daha entegre yapar.)<\/p>\n<h3><strong>Enerji Verimlili\u011fi ve Tasarruf<\/strong><\/h3>\n<p data-pm-slice=\"1 1 []\">Mod\u00fcl, 110-230 VAC g\u00fc\u00e7 aral\u0131\u011f\u0131nda \u00e7al\u0131\u015farak enerji t\u00fcketimini en azda tutmaya yard\u0131m eder. 12 V DC&#8217;de yaln\u0131zca 10-20 mA gibi d\u00fc\u015f\u00fck ak\u0131m kullan\u0131m\u0131 ile enerji tasarrufu sa\u011flar; performanstan da \u00f6d\u00fcn vermez. \u00c7evre dostu &amp; b\u00fct\u00e7eye uygun bir se\u00e7im i\u00e7in idealdir.<\/p>\n<h3><strong>Kolay Kurulum ve Kullan\u0131c\u0131 Dostu Tasar\u0131m<\/strong><\/h3>\n<p data-pm-slice=\"1 1 []\">WiFi ADS \u00dc\u00e7l\u00fc R\u00f6le Mod\u00fcl\u00fc, basit ve h\u0131zl\u0131 kurulum imkan\u0131 verir. Karma\u015f\u0131k kablolama gerektirmez, bu y\u00fczden teknik bilgiye ihtiya\u00e7 duymayanlar dahi rahatl\u0131kla kurabilir. TIS uygulamas\u0131 sayesinde kontrol edilebilir ve bu, kullan\u0131c\u0131 deneyimini daha da geli\u015ftirir (g\u00fcndelik hayat\u0131n\u0131z\u0131 kolayla\u015ft\u0131r\u0131r).<\/p>\n","protected":false},"excerpt":{"rendered":"<div class=\"toastui-editor-toolbar\">\n<div class=\"toastui-editor-defaultUI-toolbar\">\n<div class=\"toastui-editor-toolbar-group\">\n<p>\ud83c\udf10 <strong>Ba\u011flant\u0131 ve Uyum:<\/strong> WiFi ADS \u00dc\u00e7l\u00fc R\u00f6le Mod\u00fcl\u00fc, TIS \u00e7\u00f6z\u00fcmleri ile entegre \u00e7al\u0131\u015farak ak\u0131ll\u0131 ev deneyimini geli\u015ftirir ve evdeki ayd\u0131nlatma ile perde sistemlerini uzaktan kontrol etme imkan\u0131 sunar.<\/p>\n<p>\ud83d\udca1 <strong>Enerji Tasarrufu:<\/strong> Mod\u00fcl, 110-230 VAC g\u00fc\u00e7 aral\u0131\u011f\u0131nda \u00e7al\u0131\u015farak enerji t\u00fcketimini minimumda tutar ve 12 V DC&#8217;de d\u00fc\u015f\u00fck ak\u0131m kullan\u0131m\u0131 ile enerji tasarrufu sa\u011flar.<\/p>\n<p>\ud83d\udd0c <strong>Verimlilik:<\/strong> D\u00fc\u015f\u00fck enerji t\u00fcketimi ile performanstan \u00f6d\u00fcn vermeden \u00e7evre dostu ve b\u00fct\u00e7eye uygun bir \u00e7\u00f6z\u00fcm sunar.<\/p>\n<p>\ud83d\udee0\ufe0f <strong>Kolay Kurulum:<\/strong> Basit ve h\u0131zl\u0131 kurulum imkan\u0131 sunar, karma\u015f\u0131k kablolama gerektirmez ve teknik bilgiye ihtiya\u00e7 duymadan kurulabilir.<\/p>\n<p>\ud83d\udcf1 <strong>Kullan\u0131m Kolayl\u0131\u011f\u0131:<\/strong> TIS uygulamas\u0131 ile kontrol edilebilir, bu da kullan\u0131c\u0131 deneyimini geli\u015ftirir ve g\u00fcnl\u00fck hayat\u0131 kolayla\u015ft\u0131r\u0131r.<\/p>\n<\/div>\n<\/div>\n<\/div>\n","protected":false},"featured_media":4243,"comment_status":"open","ping_status":"closed","template":"","meta":{"_acf_changed":false},"product_brand":[433],"product_cat":[101,105],"product_tag":[168,428,393],"class_list":{"0":"post-4240","1":"product","2":"type-product","3":"status-publish","4":"has-post-thumbnail","6":"product_brand-tiscontrol","7":"product_cat-actuators","8":"product_cat-wifi-actuators","9":"product_tag-rolemodulu","10":"product_tag-tiscontrol","11":"product_tag-wifi","13":"first","14":"onbackorder","15":"taxable","16":"shipping-taxable","17":"product-type-simple","18":"add-to-wishlist-after_add_to_cart"},"acf":[],"_links":{"self":[{"href":"https:\/\/dealer.tiscontrol.com.tr\/fa\/wp-json\/wp\/v2\/product\/4240","targetHints":{"allow":["GET"]}}],"collection":[{"href":"https:\/\/dealer.tiscontrol.com.tr\/fa\/wp-json\/wp\/v2\/product"}],"about":[{"href":"https:\/\/dealer.tiscontrol.com.tr\/fa\/wp-json\/wp\/v2\/types\/product"}],"replies":[{"embeddable":true,"href":"https:\/\/dealer.tiscontrol.com.tr\/fa\/wp-json\/wp\/v2\/comments?post=4240"}],"wp:featuredmedia":[{"embeddable":true,"href":"https:\/\/dealer.tiscontrol.com.tr\/fa\/wp-json\/wp\/v2\/media\/4243"}],"wp:attachment":[{"href":"https:\/\/dealer.tiscontrol.com.tr\/fa\/wp-json\/wp\/v2\/media?parent=4240"}],"wp:term":[{"taxonomy":"product_brand","embeddable":true,"href":"https:\/\/dealer.tiscontrol.com.tr\/fa\/wp-json\/wp\/v2\/product_brand?post=4240"},{"taxonomy":"product_cat","embeddable":true,"href":"https:\/\/dealer.tiscontrol.com.tr\/fa\/wp-json\/wp\/v2\/product_cat?post=4240"},{"taxonomy":"product_tag","embeddable":true,"href":"https:\/\/dealer.tiscontrol.com.tr\/fa\/wp-json\/wp\/v2\/product_tag?post=4240"}],"curies":[{"name":"wp","href":"https:\/\/api.w.org\/{rel}","templated":true}]}}