{"id":4283,"date":"2025-03-02T21:56:58","date_gmt":"2025-03-02T21:56:58","guid":{"rendered":"https:\/\/dealer.tiscontrol.com.tr\/?post_type=product&#038;p=4283"},"modified":"2026-01-17T20:39:05","modified_gmt":"2026-01-17T17:39:05","slug":"wifi-acm-led-dimmer-modulu","status":"publish","type":"product","link":"https:\/\/dealer.tiscontrol.com.tr\/fa\/product\/wifi-acm-led-dimmer-modulu\/","title":{"rendered":"WiFi ACM LED Dimmer Mod\u00fcl\u00fc"},"content":{"rendered":"<h2 data-pm-slice=\"1 3 []\">Ak\u0131ll\u0131 Ayd\u0131nlatma Kontrol\u00fc ile Evinizi Y\u00f6netin<\/h2>\n<p data-pm-slice=\"1 1 []\">WiFi ACM LED Dimmer Mod\u00fcl\u00fc, evdeki \u0131\u015f\u0131klar\u0131 uzaktan kontrol etme imkan\u0131 veren bir \u00e7\u00f6z\u00fcm. Bu mod\u00fcl TIS uygulamas\u0131ndan kolayca ula\u015fabilece\u011finiz bir \u015fey. Ak\u0131ll\u0131 ev teknolojileriyle gelen konforu parmaklar\u0131n\u0131z\u0131n ucuna getirir. I\u015f\u0131klar\u0131 istedi\u011finiz gibi ayarlayarak enerji t\u00fcketiminizi daha iyi y\u00f6netebilir, ki\u015fisel ayd\u0131nlatma deneyimleri yaratabilirsiniz. Harika, de\u011fil mi?<\/p>\n<h3>\u00c7ok Y\u00f6nl\u00fc Uyum ve Kolay Kurulum<\/h3>\n<p data-pm-slice=\"1 1 []\">Bu dimmer mod\u00fcl\u00fc, 500 watt&#8217;a kadar olan akkor lambalar ve 300 watt&#8217;a kadar dim edilebilir LED, CFL lambalarla uyumludur. Bu esneklik, mevcut sistemi tamamen de\u011fi\u015ftirmeden ak\u0131ll\u0131 teknolojiye ge\u00e7i\u015fi m\u00fcmk\u00fcn k\u0131lar. \u00dcstelik, h\u0131zl\u0131 kurulum s\u00fcreci ve daha az kablolama gereksinimi hem kendi kendine yapmak isteyenlere, hem de profesyonellere pratik bir se\u00e7enek sunar.<\/p>\n<h3>Enerji Tasarrufu ve G\u00fcvenlik \u00d6nlemleri<\/h3>\n<p data-pm-slice=\"1 1 []\">WiFi ACM LED Dimmer Mod\u00fcl\u00fc, d\u00fc\u015f\u00fck ak\u0131m t\u00fcketimiyle enerji tasarrufuna katk\u0131 sa\u011flar. I\u015f\u0131k seviyelerini ayarlayarak elektrik faturalar\u0131n\u0131z\u0131 d\u00fc\u015f\u00fcrebilir, s\u00fcrd\u00fcr\u00fclebilir ya\u015fam i\u00e7in bir ad\u0131m atabilirsiniz. Dahili koruma sigortas\u0131, IP50 koruma derecesiyle yap\u0131lm\u0131\u015f bu mod\u00fcl \u00e7ok dayan\u0131kl\u0131; elektriksel ar\u0131zalar\u0131 \u00f6nler. Bu g\u00fcvenlik odakl\u0131 tasar\u0131m, herkesin dimmeri evine g\u00fcvenle entegre etmesini sa\u011flar. Ger\u00e7ekten etkileyici!<\/p>\n","protected":false},"excerpt":{"rendered":"<div class=\"toastui-editor-toolbar\">\n<div class=\"toastui-editor-defaultUI-toolbar\">\n<div class=\"toastui-editor-toolbar-group\">\n<p>\ud83d\udcf1 <strong>Uzaktan Kontrol \u0130mkan\u0131:<\/strong> WiFi ACM LED Dimmer Mod\u00fcl\u00fc, evdeki \u0131\u015f\u0131klar\u0131 uzaktan kontrol etme olana\u011f\u0131 sunar ve TIS uygulamas\u0131 \u00fczerinden eri\u015filebilir.<\/p>\n<p>\ud83d\udca1 <strong>Ki\u015fisel Ayd\u0131nlatma Deneyimi:<\/strong> I\u015f\u0131klar\u0131 istedi\u011finiz gibi ayarlayarak enerji t\u00fcketiminizi y\u00f6netebilir ve ki\u015fisel ayd\u0131nlatma deneyimleri yaratabilirsiniz.<\/p>\n<p>\ud83d\udd27 <strong>Kolay Kurulum ve Uyum:<\/strong> Mod\u00fcl, 500 watt&#8217;a kadar akkor lambalar ve 300 watt&#8217;a kadar dim edilebilir LED, CFL lambalarla uyumludur ve h\u0131zl\u0131 kurulum imkan\u0131 sunar.<\/p>\n<p>\ud83c\udf3f <strong>Enerji Tasarrufu:<\/strong> D\u00fc\u015f\u00fck ak\u0131m t\u00fcketimi sayesinde enerji tasarrufuna katk\u0131 sa\u011flar ve elektrik faturalar\u0131n\u0131 d\u00fc\u015f\u00fcrmeye yard\u0131mc\u0131 olur.<\/p>\n<p>\ud83d\udd12 <strong>G\u00fcvenlik \u00d6nlemleri:<\/strong> Dahili koruma sigortas\u0131 ve IP50 koruma derecesi ile elektriksel ar\u0131zalar\u0131 \u00f6nler ve g\u00fcvenli bir kullan\u0131m sunar.<\/p>\n<p>\ud83c\udfe0 <strong>Ak\u0131ll\u0131 Ev Teknolojisi:<\/strong> Ak\u0131ll\u0131 ev teknolojileriyle gelen konforu parmaklar\u0131n\u0131z\u0131n ucuna getirir, mevcut sistemi de\u011fi\u015ftirmeden ak\u0131ll\u0131 teknolojiye ge\u00e7i\u015fi kolayla\u015ft\u0131r\u0131r.<\/p>\n<p>\u26a1 <strong>S\u00fcrd\u00fcr\u00fclebilir Ya\u015fam:<\/strong> Enerji tasarrufu ve g\u00fcvenlik \u00f6nlemleri ile s\u00fcrd\u00fcr\u00fclebilir bir ya\u015fam i\u00e7in ad\u0131m atman\u0131z\u0131 sa\u011flar.<\/p>\n<\/div>\n<\/div>\n<\/div>\n","protected":false},"featured_media":4284,"comment_status":"open","ping_status":"closed","template":"","meta":{"_acf_changed":false},"product_brand":[433],"product_cat":[101,105],"product_tag":[175,178,428,393],"class_list":{"0":"post-4283","1":"product","2":"type-product","3":"status-publish","4":"has-post-thumbnail","6":"product_brand-tiscontrol","7":"product_cat-actuators","8":"product_cat-wifi-actuators","9":"product_tag-dimmer","10":"product_tag-led-dimmer","11":"product_tag-tiscontrol","12":"product_tag-wifi","14":"first","15":"onbackorder","16":"taxable","17":"shipping-taxable","18":"product-type-simple","19":"add-to-wishlist-after_add_to_cart"},"acf":[],"_links":{"self":[{"href":"https:\/\/dealer.tiscontrol.com.tr\/fa\/wp-json\/wp\/v2\/product\/4283","targetHints":{"allow":["GET"]}}],"collection":[{"href":"https:\/\/dealer.tiscontrol.com.tr\/fa\/wp-json\/wp\/v2\/product"}],"about":[{"href":"https:\/\/dealer.tiscontrol.com.tr\/fa\/wp-json\/wp\/v2\/types\/product"}],"replies":[{"embeddable":true,"href":"https:\/\/dealer.tiscontrol.com.tr\/fa\/wp-json\/wp\/v2\/comments?post=4283"}],"wp:featuredmedia":[{"embeddable":true,"href":"https:\/\/dealer.tiscontrol.com.tr\/fa\/wp-json\/wp\/v2\/media\/4284"}],"wp:attachment":[{"href":"https:\/\/dealer.tiscontrol.com.tr\/fa\/wp-json\/wp\/v2\/media?parent=4283"}],"wp:term":[{"taxonomy":"product_brand","embeddable":true,"href":"https:\/\/dealer.tiscontrol.com.tr\/fa\/wp-json\/wp\/v2\/product_brand?post=4283"},{"taxonomy":"product_cat","embeddable":true,"href":"https:\/\/dealer.tiscontrol.com.tr\/fa\/wp-json\/wp\/v2\/product_cat?post=4283"},{"taxonomy":"product_tag","embeddable":true,"href":"https:\/\/dealer.tiscontrol.com.tr\/fa\/wp-json\/wp\/v2\/product_tag?post=4283"}],"curies":[{"name":"wp","href":"https:\/\/api.w.org\/{rel}","templated":true}]}}