{"id":4301,"date":"2025-03-03T19:31:05","date_gmt":"2025-03-03T19:31:05","guid":{"rendered":"https:\/\/dealer.tiscontrol.com.tr\/?post_type=product&#038;p=4301"},"modified":"2026-01-17T20:43:05","modified_gmt":"2026-01-17T17:43:05","slug":"10-inc-saturn-android-tabanli-dokunmatik-ekran","status":"publish","type":"product","link":"https:\/\/dealer.tiscontrol.com.tr\/fa\/product\/10-inc-saturn-android-tabanli-dokunmatik-ekran\/","title":{"rendered":"10 in\u00e7 Sat\u00fcrn Android Tabanl\u0131 Dokunmatik Ekran"},"content":{"rendered":"<h2 data-pm-slice=\"1 1 []\">G\u00f6z Al\u0131c\u0131 Tasar\u0131m ve Y\u00fcksek \u00c7\u00f6z\u00fcn\u00fcrl\u00fck<\/h2>\n<h3><strong>Sat\u00fcrn 101: Evinizin \u015e\u0131kl\u0131\u011f\u0131n\u0131 Tamamlay\u0131n<\/strong><\/h3>\n<p data-pm-slice=\"1 1 []\">Sat\u00fcrn 101, evinize zarafet katacak bir g\u00fczellik. Var ya, 10 in\u00e7lik dokunmatik ekran\u0131yla dekorasyonunuza \u015f\u0131kl\u0131k getiriyor. \u00dcstelik y\u00fcksek \u00e7\u00f6z\u00fcn\u00fcrl\u00fckl\u00fc ekran\u0131 t\u00fcm detaylar\u0131 net bir \u015fekilde g\u00f6steriyor. Bu ak\u0131ll\u0131 ekran, i\u00e7 mekanla kolay uyum sa\u011flar ve bulundu\u011fu yere estetik bir hava katar. Sat\u00fcrn 101 ile eviniz, her k\u00f6\u015fede daha modern ve \u015f\u0131k g\u00f6r\u00fcn\u00fcr.<\/p>\n<h3>Kolay Kurulum ve Tam Entegrasyon<\/h3>\n<p data-pm-slice=\"1 1 []\">Sat\u00fcrn 101, PoE \u00f6zelli\u011fi sunar\u2014bu da h\u0131zl\u0131 ve kolay kurulum demek. WiFi, TIS-BUS, Bluetooth se\u00e7enekleriyle evdeki sistemlere harika bir uyum sa\u011flar. Ak\u0131ll\u0131 ev sisteminizi rahat\u00e7a kontrol edebilirsiniz. T\u00fcm cihazlar\u0131n\u0131z\u0131 tek bir yerden y\u00f6netmek o kadar rahat ki, Sat\u00fcrn 101&#8217;le karma\u015f\u0131kl\u0131k geride kal\u0131r.<\/p>\n<h3><strong>3D Harita \u00d6zelli\u011fi ile E\u011flenceli Kontrol<\/strong><\/h3>\n<p data-pm-slice=\"1 1 []\">Sat\u00fcrn 101, \u00e7evrenizi tam kontrol etmenize olanak tan\u0131r. \u0130\u015fte burada! 3D harita \u00f6zelli\u011fiyle ak\u0131ll\u0131 ev kontrol\u00fcn\u00fc e\u011flenceli bir maceraya \u00e7evirin. Bu \u00f6zellikle, evin her k\u00f6\u015fesini kol kolay y\u00f6netebilir ve ya\u015fam\u0131n\u0131z\u0131 daha konforlu hale getirebilirsiniz. Ayr\u0131ca, dahili hoparl\u00f6r ve mikrofonu sayesinde interkom \u00e7a\u011fr\u0131lar\u0131 daha basit hale gelir.<\/p>\n","protected":false},"excerpt":{"rendered":"<p><strong>\ud83d\udda5\ufe0f G\u00f6z Al\u0131c\u0131 Tasar\u0131m<\/strong>: Sat\u00fcrn 101, 10 in\u00e7lik dokunmatik ekran\u0131yla ev dekorasyonuna \u015f\u0131kl\u0131k ve zarafet katar.<\/p>\n<p><strong>\ud83d\udd0d Y\u00fcksek \u00c7\u00f6z\u00fcn\u00fcrl\u00fck<\/strong>: Ekran\u0131n y\u00fcksek \u00e7\u00f6z\u00fcn\u00fcrl\u00fc\u011f\u00fc, t\u00fcm detaylar\u0131 net bir \u015fekilde g\u00f6sterir ve estetik bir hava yarat\u0131r.<\/p>\n<p><strong>\u26a1 Kolay Kurulum<\/strong>: PoE \u00f6zelli\u011fi sayesinde h\u0131zl\u0131 ve sorunsuz bir kurulum sunar.<\/p>\n<p><strong>\ud83d\udcf6 Tam Entegrasyon<\/strong>: WiFi, TIS-BUS ve Bluetooth se\u00e7enekleriyle evdeki sistemlerle m\u00fckemmel uyum sa\u011flar.<\/p>\n<p><strong>\ud83d\uddfa\ufe0f Ak\u0131ll\u0131 Ev Kontrol\u00fc<\/strong>: 3D harita \u00f6zelli\u011fi, ak\u0131ll\u0131 ev kontrol\u00fcn\u00fc e\u011flenceli bir maceraya d\u00f6n\u00fc\u015ft\u00fcr\u00fcr.<\/p>\n<p><strong>\ud83c\udfa4 E\u011flenceli Deneyim<\/strong>: Dahili hoparl\u00f6r ve mikrofon ile interkom \u00e7a\u011fr\u0131lar\u0131 daha basit hale gelir.<\/p>\n<p><strong>\ud83c\udfe1 Modern ve \u015e\u0131k G\u00f6r\u00fcn\u00fcm<\/strong>: Sat\u00fcrn 101, evin her k\u00f6\u015fesinde modern ve \u015f\u0131k bir g\u00f6r\u00fcn\u00fcm sa\u011flar.<\/p>\n","protected":false},"featured_media":4302,"comment_status":"open","ping_status":"closed","template":"","meta":{"_acf_changed":false},"product_brand":[433],"product_cat":[115,121],"product_tag":[274,273,272,428],"class_list":{"0":"post-4301","1":"product","2":"type-product","3":"status-publish","4":"has-post-thumbnail","6":"product_brand-tiscontrol","7":"product_cat-interfaces","8":"product_cat-saturn-series","9":"product_tag-akilli-ev","10":"product_tag-android","11":"product_tag-dokunmatik-ekran","12":"product_tag-tiscontrol","14":"first","15":"onbackorder","16":"taxable","17":"shipping-taxable","18":"product-type-simple","19":"add-to-wishlist-after_add_to_cart"},"acf":[],"_links":{"self":[{"href":"https:\/\/dealer.tiscontrol.com.tr\/fa\/wp-json\/wp\/v2\/product\/4301","targetHints":{"allow":["GET"]}}],"collection":[{"href":"https:\/\/dealer.tiscontrol.com.tr\/fa\/wp-json\/wp\/v2\/product"}],"about":[{"href":"https:\/\/dealer.tiscontrol.com.tr\/fa\/wp-json\/wp\/v2\/types\/product"}],"replies":[{"embeddable":true,"href":"https:\/\/dealer.tiscontrol.com.tr\/fa\/wp-json\/wp\/v2\/comments?post=4301"}],"wp:featuredmedia":[{"embeddable":true,"href":"https:\/\/dealer.tiscontrol.com.tr\/fa\/wp-json\/wp\/v2\/media\/4302"}],"wp:attachment":[{"href":"https:\/\/dealer.tiscontrol.com.tr\/fa\/wp-json\/wp\/v2\/media?parent=4301"}],"wp:term":[{"taxonomy":"product_brand","embeddable":true,"href":"https:\/\/dealer.tiscontrol.com.tr\/fa\/wp-json\/wp\/v2\/product_brand?post=4301"},{"taxonomy":"product_cat","embeddable":true,"href":"https:\/\/dealer.tiscontrol.com.tr\/fa\/wp-json\/wp\/v2\/product_cat?post=4301"},{"taxonomy":"product_tag","embeddable":true,"href":"https:\/\/dealer.tiscontrol.com.tr\/fa\/wp-json\/wp\/v2\/product_tag?post=4301"}],"curies":[{"name":"wp","href":"https:\/\/api.w.org\/{rel}","templated":true}]}}